{"id":9,"date":"2020-06-09T19:15:49","date_gmt":"2020-06-09T17:15:49","guid":{"rendered":"http:\/\/nelly-hervouet.com\/?page_id=9"},"modified":"2025-06-14T16:16:39","modified_gmt":"2025-06-14T14:16:39","slug":"presentation","status":"publish","type":"page","link":"https:\/\/nelly-hervouet.com\/","title":{"rendered":"Accueil"},"content":{"rendered":"\t\t<div data-elementor-type=\"wp-page\" data-elementor-id=\"9\" class=\"elementor elementor-9\">\n\t\t\t\t\t\t\t\t\t<section class=\"elementor-section elementor-top-section elementor-element elementor-element-a5f69b1 elementor-section-boxed elementor-section-height-default elementor-section-height-default\" data-id=\"a5f69b1\" data-element_type=\"section\">\n\t\t\t\t\t\t<div class=\"elementor-container elementor-column-gap-default\">\n\t\t\t\t\t<div class=\"elementor-column elementor-col-25 elementor-top-column elementor-element elementor-element-1df15db\" data-id=\"1df15db\" data-element_type=\"column\">\n\t\t\t<div class=\"elementor-widget-wrap elementor-element-populated\">\n\t\t\t\t\t\t\t\t<div class=\"elementor-element elementor-element-011486a elementor-widget elementor-widget-image\" data-id=\"011486a\" data-element_type=\"widget\" data-widget_type=\"image.default\">\n\t\t\t\t<div class=\"elementor-widget-container\">\n\t\t\t\t\t\t\t\t\t\t\t\t\t\t\t<img loading=\"lazy\" decoding=\"async\" width=\"244\" height=\"427\" src=\"https:\/\/nelly-hervouet.com\/wp-content\/uploads\/2020\/06\/elfe-yinyang.png\" class=\"attachment-large size-large wp-image-301\" alt=\"\" srcset=\"https:\/\/nelly-hervouet.com\/wp-content\/uploads\/2020\/06\/elfe-yinyang.png 244w, https:\/\/nelly-hervouet.com\/wp-content\/uploads\/2020\/06\/elfe-yinyang-171x300.png 171w\" sizes=\"auto, (max-width: 244px) 100vw, 244px\" \/>\t\t\t\t\t\t\t\t\t\t\t\t\t\t\t<\/div>\n\t\t\t\t<\/div>\n\t\t\t\t\t<\/div>\n\t\t<\/div>\n\t\t\t\t<div class=\"elementor-column elementor-col-50 elementor-top-column elementor-element elementor-element-c80ea0c\" data-id=\"c80ea0c\" data-element_type=\"column\">\n\t\t\t<div class=\"elementor-widget-wrap elementor-element-populated\">\n\t\t\t\t\t\t\t\t<div class=\"elementor-element elementor-element-5147b6a elementor-widget elementor-widget-heading\" data-id=\"5147b6a\" data-element_type=\"widget\" data-widget_type=\"heading.default\">\n\t\t\t\t<div class=\"elementor-widget-container\">\n\t\t\t<h2 class=\"elementor-heading-title elementor-size-default\">ACCUEIL<\/h2>\t\t<\/div>\n\t\t\t\t<\/div>\n\t\t\t\t\t<\/div>\n\t\t<\/div>\n\t\t\t\t<div class=\"elementor-column elementor-col-25 elementor-top-column elementor-element elementor-element-b81db4f\" data-id=\"b81db4f\" data-element_type=\"column\">\n\t\t\t<div class=\"elementor-widget-wrap elementor-element-populated\">\n\t\t\t\t\t\t\t\t<div class=\"elementor-element elementor-element-142ae52 elementor-widget elementor-widget-image\" data-id=\"142ae52\" data-element_type=\"widget\" data-widget_type=\"image.default\">\n\t\t\t\t<div class=\"elementor-widget-container\">\n\t\t\t\t\t\t\t\t\t\t\t\t\t\t\t<img loading=\"lazy\" decoding=\"async\" width=\"244\" height=\"427\" src=\"https:\/\/nelly-hervouet.com\/wp-content\/uploads\/2020\/06\/elfe-yinyang-droite.png\" class=\"attachment-large size-large wp-image-306\" alt=\"\" srcset=\"https:\/\/nelly-hervouet.com\/wp-content\/uploads\/2020\/06\/elfe-yinyang-droite.png 244w, https:\/\/nelly-hervouet.com\/wp-content\/uploads\/2020\/06\/elfe-yinyang-droite-171x300.png 171w\" sizes=\"auto, (max-width: 244px) 100vw, 244px\" \/>\t\t\t\t\t\t\t\t\t\t\t\t\t\t\t<\/div>\n\t\t\t\t<\/div>\n\t\t\t\t\t<\/div>\n\t\t<\/div>\n\t\t\t\t\t\t\t<\/div>\n\t\t<\/section>\n\t\t\t\t<section class=\"elementor-section elementor-top-section elementor-element elementor-element-d693c19 elementor-section-boxed elementor-section-height-default elementor-section-height-default\" data-id=\"d693c19\" data-element_type=\"section\">\n\t\t\t\t\t\t<div class=\"elementor-container elementor-column-gap-default\">\n\t\t\t\t\t<div class=\"elementor-column elementor-col-100 elementor-top-column elementor-element elementor-element-e92852e\" data-id=\"e92852e\" data-element_type=\"column\">\n\t\t\t<div class=\"elementor-widget-wrap elementor-element-populated\">\n\t\t\t\t\t\t\t\t<section class=\"elementor-section elementor-inner-section elementor-element elementor-element-55ed5f8 elementor-section-boxed elementor-section-height-default elementor-section-height-default\" data-id=\"55ed5f8\" data-element_type=\"section\">\n\t\t\t\t\t\t<div class=\"elementor-container elementor-column-gap-default\">\n\t\t\t\t\t<div class=\"elementor-column elementor-col-50 elementor-inner-column elementor-element elementor-element-c8ff23f\" data-id=\"c8ff23f\" data-element_type=\"column\">\n\t\t\t<div class=\"elementor-widget-wrap\">\n\t\t\t\t\t\t\t\t\t<\/div>\n\t\t<\/div>\n\t\t\t\t<div class=\"elementor-column elementor-col-50 elementor-inner-column elementor-element elementor-element-62d803f\" data-id=\"62d803f\" data-element_type=\"column\">\n\t\t\t<div class=\"elementor-widget-wrap\">\n\t\t\t\t\t\t\t\t\t<\/div>\n\t\t<\/div>\n\t\t\t\t\t\t\t<\/div>\n\t\t<\/section>\n\t\t\t\t<div class=\"elementor-element elementor-element-4d4b518 elementor-widget elementor-widget-spacer\" data-id=\"4d4b518\" data-element_type=\"widget\" data-widget_type=\"spacer.default\">\n\t\t\t\t<div class=\"elementor-widget-container\">\n\t\t\t\t\t<div class=\"elementor-spacer\">\n\t\t\t<div class=\"elementor-spacer-inner\"><\/div>\n\t\t<\/div>\n\t\t\t\t<\/div>\n\t\t\t\t<\/div>\n\t\t\t\t\t<\/div>\n\t\t<\/div>\n\t\t\t\t\t\t\t<\/div>\n\t\t<\/section>\n\t\t\t\t<section class=\"elementor-section elementor-top-section elementor-element elementor-element-7349d6b elementor-section-boxed elementor-section-height-default elementor-section-height-default\" data-id=\"7349d6b\" data-element_type=\"section\">\n\t\t\t\t\t\t<div class=\"elementor-container elementor-column-gap-default\">\n\t\t\t\t\t<div class=\"elementor-column elementor-col-33 elementor-top-column elementor-element elementor-element-1af175f\" data-id=\"1af175f\" data-element_type=\"column\">\n\t\t\t<div class=\"elementor-widget-wrap elementor-element-populated\">\n\t\t\t\t\t\t\t\t<div class=\"elementor-element elementor-element-216debb elementor-widget elementor-widget-spacer\" data-id=\"216debb\" data-element_type=\"widget\" data-widget_type=\"spacer.default\">\n\t\t\t\t<div class=\"elementor-widget-container\">\n\t\t\t\t\t<div class=\"elementor-spacer\">\n\t\t\t<div class=\"elementor-spacer-inner\"><\/div>\n\t\t<\/div>\n\t\t\t\t<\/div>\n\t\t\t\t<\/div>\n\t\t\t\t<div class=\"elementor-element elementor-element-2114598 elementor-widget elementor-widget-image\" data-id=\"2114598\" data-element_type=\"widget\" data-widget_type=\"image.default\">\n\t\t\t\t<div class=\"elementor-widget-container\">\n\t\t\t\t\t\t\t\t\t\t\t\t\t\t\t<img decoding=\"async\" src=\"https:\/\/nelly-hervouet.com\/wp-content\/uploads\/2025\/06\/NELLY-PHOTO-SITE.jpeg\" title=\"NELLY PHOTO SITE\" alt=\"NELLY PHOTO SITE\" loading=\"lazy\" \/>\t\t\t\t\t\t\t\t\t\t\t\t\t\t\t<\/div>\n\t\t\t\t<\/div>\n\t\t\t\t<div class=\"elementor-element elementor-element-f8a71f3 elementor-widget elementor-widget-spacer\" data-id=\"f8a71f3\" data-element_type=\"widget\" data-widget_type=\"spacer.default\">\n\t\t\t\t<div class=\"elementor-widget-container\">\n\t\t\t\t\t<div class=\"elementor-spacer\">\n\t\t\t<div class=\"elementor-spacer-inner\"><\/div>\n\t\t<\/div>\n\t\t\t\t<\/div>\n\t\t\t\t<\/div>\n\t\t\t\t<div class=\"elementor-element elementor-element-b9b7f04 elementor-widget elementor-widget-text-editor\" data-id=\"b9b7f04\" data-element_type=\"widget\" data-widget_type=\"text-editor.default\">\n\t\t\t\t<div class=\"elementor-widget-container\">\n\t\t\t\t\t\t\t<p>La Nature est l\u00e0 pour m&rsquo;accompagner<\/p><p>Elle me guide et vibre en moi<\/p><p>Je suis une fille de Ga\u00efa en libert\u00e9<\/p><p>Elle me souffle le partage et la joie<\/p><p>Ga\u00efa est l&rsquo;essence de mes activit\u00e9s<\/p><p>C&rsquo;est mon chemin, ma voie<\/p><p>Nelly fille de Ga\u00efa<\/p>\t\t\t\t\t\t<\/div>\n\t\t\t\t<\/div>\n\t\t\t\t\t<\/div>\n\t\t<\/div>\n\t\t\t\t<div class=\"elementor-column elementor-col-66 elementor-top-column elementor-element elementor-element-fa348d2\" data-id=\"fa348d2\" data-element_type=\"column\" data-settings=\"{&quot;background_background&quot;:&quot;classic&quot;}\">\n\t\t\t<div class=\"elementor-widget-wrap elementor-element-populated\">\n\t\t\t\t\t\t\t\t<div class=\"elementor-element elementor-element-089825d elementor-widget elementor-widget-text-editor\" data-id=\"089825d\" data-element_type=\"widget\" data-widget_type=\"text-editor.default\">\n\t\t\t\t<div class=\"elementor-widget-container\">\n\t\t\t\t\t\t\t<p><span style=\"font-weight: var( --e-global-typography-text-font-weight ); font-size: xx-large;\">Je vous accueille dans un \u00e9crin de verdure une fois\u00a0<\/span><span style=\"font-weight: var( --e-global-typography-text-font-weight ); font-size: xx-large;\">pass\u00e9e la barri\u00e8re du jardin, vous entrez dans mon univers de z\u00e9nitude\u00a0.<\/span><\/p><p class=\"western\" align=\"left\"><span style=\"font-size: xx-large;\">Qu\u2019est ce que je peux vous apporter\u00a0 ?<\/span><\/p><p class=\"western\" align=\"left\"><span style=\"font-size: xx-large;\">Je veux vous amener \u00e0 vous reconnecter \u00e0 vous \u00ab\u00a0m\u2019aime\u00a0\u00bb red\u00e9couvrir votre enfant int\u00e9rieur et vous aider \u00e0 parcourir un bout de chemin si vous le souhaitez.<\/span><span style=\"font-weight: var( --e-global-typography-text-font-weight ); font-size: xx-large;\">\u00a0<\/span><\/p><p class=\"western\" align=\"left\"><span style=\"font-weight: var( --e-global-typography-text-font-weight ); font-size: xx-large;\">Je vous re\u00e7ois a<\/span><span style=\"font-weight: var( --e-global-typography-text-font-weight ); font-size: xx-large;\">u chalet zen<\/span><span style=\"font-weight: var( --e-global-typography-text-font-weight ); font-size: xx-large;\"> pour les soins ou les initiations.<\/span><\/p><p class=\"western\" align=\"left\"><span style=\"font-size: xx-large;\">Je vous propose des bains de for\u00eat, des ateliers zen cr\u00e9atifs, des ateliers alchimies des plantes m\u00e9dicinales et bien d\u2019autres activit\u00e9s toutes en relation avec notre Terre et M\u00e8re Ga\u00efa.<\/span><\/p><p class=\"western\" align=\"left\"><span style=\"font-size: xx-large;\">Je veux vous permettre de vous reconnecter \u00e0 votre joie gr\u00e2ce \u00e0 votre enfant int\u00e9rieur et vous r\u00e9aligner \u00e0 votre \u00ab vous<\/span><span style=\"font-size: xx-large;\">\u00a0m\u2019aime\u00a0\u00bb.<\/span><\/p><p class=\"western\" align=\"left\"><span style=\"font-size: xx-large;\">Au plaisir de vous rencontrer dans un futur proche.<\/span><\/p><p class=\"western\" align=\"left\">\u00a0<\/p>\t\t\t\t\t\t<\/div>\n\t\t\t\t<\/div>\n\t\t\t\t\t<\/div>\n\t\t<\/div>\n\t\t\t\t\t\t\t<\/div>\n\t\t<\/section>\n\t\t\t\t\t\t\t<\/div>\n\t\t","protected":false},"excerpt":{"rendered":"<p>ACCUEIL La Nature est l\u00e0 pour m&rsquo;accompagner Elle me guide et vibre en moi Je suis une fille de Ga\u00efa en libert\u00e9 Elle me souffle le partage et la joie Ga\u00efa est l&rsquo;essence de mes activit\u00e9s C&rsquo;est mon chemin, ma voie Nelly fille de Ga\u00efa Je vous accueille dans un \u00e9crin de verdure une fois\u00a0pass\u00e9e [&hellip;]<\/p>\n","protected":false},"author":1,"featured_media":0,"parent":0,"menu_order":0,"comment_status":"closed","ping_status":"closed","template":"","meta":{"footnotes":""},"class_list":["post-9","page","type-page","status-publish","hentry"],"_links":{"self":[{"href":"https:\/\/nelly-hervouet.com\/index.php\/wp-json\/wp\/v2\/pages\/9","targetHints":{"allow":["GET"]}}],"collection":[{"href":"https:\/\/nelly-hervouet.com\/index.php\/wp-json\/wp\/v2\/pages"}],"about":[{"href":"https:\/\/nelly-hervouet.com\/index.php\/wp-json\/wp\/v2\/types\/page"}],"author":[{"embeddable":true,"href":"https:\/\/nelly-hervouet.com\/index.php\/wp-json\/wp\/v2\/users\/1"}],"replies":[{"embeddable":true,"href":"https:\/\/nelly-hervouet.com\/index.php\/wp-json\/wp\/v2\/comments?post=9"}],"version-history":[{"count":157,"href":"https:\/\/nelly-hervouet.com\/index.php\/wp-json\/wp\/v2\/pages\/9\/revisions"}],"predecessor-version":[{"id":1616,"href":"https:\/\/nelly-hervouet.com\/index.php\/wp-json\/wp\/v2\/pages\/9\/revisions\/1616"}],"wp:attachment":[{"href":"https:\/\/nelly-hervouet.com\/index.php\/wp-json\/wp\/v2\/media?parent=9"}],"curies":[{"name":"wp","href":"https:\/\/api.w.org\/{rel}","templated":true}]}}