{"id":37,"date":"2020-06-09T19:22:43","date_gmt":"2020-06-09T17:22:43","guid":{"rendered":"http:\/\/nelly-hervouet.com\/?page_id=37"},"modified":"2020-08-20T18:47:59","modified_gmt":"2020-08-20T16:47:59","slug":"bain-de-foret","status":"publish","type":"page","link":"https:\/\/nelly-hervouet.com\/index.php\/bain-de-foret\/","title":{"rendered":"Bain de For\u00eat"},"content":{"rendered":"\t\t<div data-elementor-type=\"wp-page\" data-elementor-id=\"37\" class=\"elementor elementor-37\">\n\t\t\t\t\t\t\t\t\t<section class=\"elementor-section elementor-top-section elementor-element elementor-element-5972ede elementor-section-boxed elementor-section-height-default elementor-section-height-default\" data-id=\"5972ede\" data-element_type=\"section\">\n\t\t\t\t\t\t<div class=\"elementor-container elementor-column-gap-default\">\n\t\t\t\t\t<div class=\"elementor-column elementor-col-33 elementor-top-column elementor-element elementor-element-8f372b5\" data-id=\"8f372b5\" data-element_type=\"column\">\n\t\t\t<div class=\"elementor-widget-wrap elementor-element-populated\">\n\t\t\t\t\t\t\t\t<div class=\"elementor-element elementor-element-5ed951f elementor-widget elementor-widget-spacer\" data-id=\"5ed951f\" data-element_type=\"widget\" data-widget_type=\"spacer.default\">\n\t\t\t\t<div class=\"elementor-widget-container\">\n\t\t\t\t\t<div class=\"elementor-spacer\">\n\t\t\t<div class=\"elementor-spacer-inner\"><\/div>\n\t\t<\/div>\n\t\t\t\t<\/div>\n\t\t\t\t<\/div>\n\t\t\t\t<div class=\"elementor-element elementor-element-996562a elementor-widget elementor-widget-image\" data-id=\"996562a\" data-element_type=\"widget\" data-widget_type=\"image.default\">\n\t\t\t\t<div class=\"elementor-widget-container\">\n\t\t\t\t\t\t\t\t\t\t\t\t\t\t\t<img loading=\"lazy\" decoding=\"async\" width=\"244\" height=\"427\" src=\"https:\/\/nelly-hervouet.com\/wp-content\/uploads\/2020\/06\/elfe-yinyang.png\" class=\"attachment-large size-large wp-image-301\" alt=\"\" srcset=\"https:\/\/nelly-hervouet.com\/wp-content\/uploads\/2020\/06\/elfe-yinyang.png 244w, https:\/\/nelly-hervouet.com\/wp-content\/uploads\/2020\/06\/elfe-yinyang-171x300.png 171w\" sizes=\"auto, (max-width: 244px) 100vw, 244px\" \/>\t\t\t\t\t\t\t\t\t\t\t\t\t\t\t<\/div>\n\t\t\t\t<\/div>\n\t\t\t\t\t<\/div>\n\t\t<\/div>\n\t\t\t\t<div class=\"elementor-column elementor-col-33 elementor-top-column elementor-element elementor-element-438774f\" data-id=\"438774f\" data-element_type=\"column\">\n\t\t\t<div class=\"elementor-widget-wrap elementor-element-populated\">\n\t\t\t\t\t\t\t\t<div class=\"elementor-element elementor-element-476c966 elementor-widget elementor-widget-image\" data-id=\"476c966\" data-element_type=\"widget\" data-widget_type=\"image.default\">\n\t\t\t\t<div class=\"elementor-widget-container\">\n\t\t\t\t\t\t\t\t\t\t\t\t\t\t\t\t<a href=\"https:\/\/nelly-hervouet.com\/index.php\/tarif\/\">\n\t\t\t\t\t\t\t<img loading=\"lazy\" decoding=\"async\" width=\"726\" height=\"316\" src=\"https:\/\/nelly-hervouet.com\/wp-content\/uploads\/2020\/07\/FORET-1.jpg\" class=\"attachment-large size-large wp-image-595\" alt=\"\" srcset=\"https:\/\/nelly-hervouet.com\/wp-content\/uploads\/2020\/07\/FORET-1.jpg 726w, https:\/\/nelly-hervouet.com\/wp-content\/uploads\/2020\/07\/FORET-1-300x131.jpg 300w\" sizes=\"auto, (max-width: 726px) 100vw, 726px\" \/>\t\t\t\t\t\t\t\t<\/a>\n\t\t\t\t\t\t\t\t\t\t\t\t\t\t\t<\/div>\n\t\t\t\t<\/div>\n\t\t\t\t<div class=\"elementor-element elementor-element-27d6284 elementor-widget elementor-widget-spacer\" data-id=\"27d6284\" data-element_type=\"widget\" data-widget_type=\"spacer.default\">\n\t\t\t\t<div class=\"elementor-widget-container\">\n\t\t\t\t\t<div class=\"elementor-spacer\">\n\t\t\t<div class=\"elementor-spacer-inner\"><\/div>\n\t\t<\/div>\n\t\t\t\t<\/div>\n\t\t\t\t<\/div>\n\t\t\t\t\t<\/div>\n\t\t<\/div>\n\t\t\t\t<div class=\"elementor-column elementor-col-33 elementor-top-column elementor-element elementor-element-612932f\" data-id=\"612932f\" data-element_type=\"column\">\n\t\t\t<div class=\"elementor-widget-wrap elementor-element-populated\">\n\t\t\t\t\t\t\t\t<div class=\"elementor-element elementor-element-45d6132 elementor-widget elementor-widget-spacer\" data-id=\"45d6132\" data-element_type=\"widget\" data-widget_type=\"spacer.default\">\n\t\t\t\t<div class=\"elementor-widget-container\">\n\t\t\t\t\t<div class=\"elementor-spacer\">\n\t\t\t<div class=\"elementor-spacer-inner\"><\/div>\n\t\t<\/div>\n\t\t\t\t<\/div>\n\t\t\t\t<\/div>\n\t\t\t\t<div class=\"elementor-element elementor-element-26e15b9 elementor-widget elementor-widget-image\" data-id=\"26e15b9\" data-element_type=\"widget\" data-widget_type=\"image.default\">\n\t\t\t\t<div class=\"elementor-widget-container\">\n\t\t\t\t\t\t\t\t\t\t\t\t\t\t\t<img loading=\"lazy\" decoding=\"async\" width=\"244\" height=\"427\" src=\"https:\/\/nelly-hervouet.com\/wp-content\/uploads\/2020\/06\/elfe-yinyang-droite.png\" class=\"attachment-large size-large wp-image-306\" alt=\"\" srcset=\"https:\/\/nelly-hervouet.com\/wp-content\/uploads\/2020\/06\/elfe-yinyang-droite.png 244w, https:\/\/nelly-hervouet.com\/wp-content\/uploads\/2020\/06\/elfe-yinyang-droite-171x300.png 171w\" sizes=\"auto, (max-width: 244px) 100vw, 244px\" \/>\t\t\t\t\t\t\t\t\t\t\t\t\t\t\t<\/div>\n\t\t\t\t<\/div>\n\t\t\t\t\t<\/div>\n\t\t<\/div>\n\t\t\t\t\t\t\t<\/div>\n\t\t<\/section>\n\t\t\t\t<section class=\"elementor-section elementor-top-section elementor-element elementor-element-80ccd8a elementor-section-boxed elementor-section-height-default elementor-section-height-default\" data-id=\"80ccd8a\" data-element_type=\"section\">\n\t\t\t\t\t\t<div class=\"elementor-container elementor-column-gap-default\">\n\t\t\t\t\t<div class=\"elementor-column elementor-col-33 elementor-top-column elementor-element elementor-element-948523c\" data-id=\"948523c\" data-element_type=\"column\">\n\t\t\t<div class=\"elementor-widget-wrap\">\n\t\t\t\t\t\t\t\t\t<\/div>\n\t\t<\/div>\n\t\t\t\t<div class=\"elementor-column elementor-col-33 elementor-top-column elementor-element elementor-element-9dad3b5\" data-id=\"9dad3b5\" data-element_type=\"column\">\n\t\t\t<div class=\"elementor-widget-wrap elementor-element-populated\">\n\t\t\t\t\t\t\t\t<div class=\"elementor-element elementor-element-654598e elementor-widget elementor-widget-heading\" data-id=\"654598e\" data-element_type=\"widget\" data-widget_type=\"heading.default\">\n\t\t\t\t<div class=\"elementor-widget-container\">\n\t\t\t<h2 class=\"elementor-heading-title elementor-size-default\">BAIN DE FOR\u00caT<\/h2>\t\t<\/div>\n\t\t\t\t<\/div>\n\t\t\t\t\t<\/div>\n\t\t<\/div>\n\t\t\t\t<div class=\"elementor-column elementor-col-33 elementor-top-column elementor-element elementor-element-b96f173\" data-id=\"b96f173\" data-element_type=\"column\">\n\t\t\t<div class=\"elementor-widget-wrap\">\n\t\t\t\t\t\t\t\t\t<\/div>\n\t\t<\/div>\n\t\t\t\t\t\t\t<\/div>\n\t\t<\/section>\n\t\t\t\t<section class=\"elementor-section elementor-top-section elementor-element elementor-element-26103f1 elementor-section-boxed elementor-section-height-default elementor-section-height-default\" data-id=\"26103f1\" data-element_type=\"section\">\n\t\t\t\t\t\t<div class=\"elementor-container elementor-column-gap-default\">\n\t\t\t\t\t<div class=\"elementor-column elementor-col-66 elementor-top-column elementor-element elementor-element-77d69b7\" data-id=\"77d69b7\" data-element_type=\"column\">\n\t\t\t<div class=\"elementor-widget-wrap elementor-element-populated\">\n\t\t\t\t\t\t\t\t<div class=\"elementor-element elementor-element-6c70b59 elementor-widget elementor-widget-spacer\" data-id=\"6c70b59\" data-element_type=\"widget\" data-widget_type=\"spacer.default\">\n\t\t\t\t<div class=\"elementor-widget-container\">\n\t\t\t\t\t<div class=\"elementor-spacer\">\n\t\t\t<div class=\"elementor-spacer-inner\"><\/div>\n\t\t<\/div>\n\t\t\t\t<\/div>\n\t\t\t\t<\/div>\n\t\t\t\t<div class=\"elementor-element elementor-element-1dd0e3a elementor-widget elementor-widget-spacer\" data-id=\"1dd0e3a\" data-element_type=\"widget\" data-widget_type=\"spacer.default\">\n\t\t\t\t<div class=\"elementor-widget-container\">\n\t\t\t\t\t<div class=\"elementor-spacer\">\n\t\t\t<div class=\"elementor-spacer-inner\"><\/div>\n\t\t<\/div>\n\t\t\t\t<\/div>\n\t\t\t\t<\/div>\n\t\t\t\t<div class=\"elementor-element elementor-element-d0adb67 elementor-widget elementor-widget-spacer\" data-id=\"d0adb67\" data-element_type=\"widget\" data-widget_type=\"spacer.default\">\n\t\t\t\t<div class=\"elementor-widget-container\">\n\t\t\t\t\t<div class=\"elementor-spacer\">\n\t\t\t<div class=\"elementor-spacer-inner\"><\/div>\n\t\t<\/div>\n\t\t\t\t<\/div>\n\t\t\t\t<\/div>\n\t\t\t\t\t<\/div>\n\t\t<\/div>\n\t\t\t\t<div class=\"elementor-column elementor-col-33 elementor-top-column elementor-element elementor-element-f178794\" data-id=\"f178794\" data-element_type=\"column\">\n\t\t\t<div class=\"elementor-widget-wrap elementor-element-populated\">\n\t\t\t\t\t\t\t\t<div class=\"elementor-element elementor-element-f204aeb elementor-widget elementor-widget-spacer\" data-id=\"f204aeb\" data-element_type=\"widget\" data-widget_type=\"spacer.default\">\n\t\t\t\t<div class=\"elementor-widget-container\">\n\t\t\t\t\t<div class=\"elementor-spacer\">\n\t\t\t<div class=\"elementor-spacer-inner\"><\/div>\n\t\t<\/div>\n\t\t\t\t<\/div>\n\t\t\t\t<\/div>\n\t\t\t\t<div class=\"elementor-element elementor-element-624d84a elementor-widget elementor-widget-spacer\" data-id=\"624d84a\" data-element_type=\"widget\" data-widget_type=\"spacer.default\">\n\t\t\t\t<div class=\"elementor-widget-container\">\n\t\t\t\t\t<div class=\"elementor-spacer\">\n\t\t\t<div class=\"elementor-spacer-inner\"><\/div>\n\t\t<\/div>\n\t\t\t\t<\/div>\n\t\t\t\t<\/div>\n\t\t\t\t\t<\/div>\n\t\t<\/div>\n\t\t\t\t\t\t\t<\/div>\n\t\t<\/section>\n\t\t\t\t<section class=\"elementor-section elementor-top-section elementor-element elementor-element-31f9484 elementor-section-boxed elementor-section-height-default elementor-section-height-default\" data-id=\"31f9484\" data-element_type=\"section\">\n\t\t\t\t\t\t<div class=\"elementor-container elementor-column-gap-default\">\n\t\t\t\t\t<div class=\"elementor-column elementor-col-33 elementor-top-column elementor-element elementor-element-53a351d\" data-id=\"53a351d\" data-element_type=\"column\">\n\t\t\t<div class=\"elementor-widget-wrap elementor-element-populated\">\n\t\t\t\t\t\t\t\t<div class=\"elementor-element elementor-element-266189a elementor-widget elementor-widget-spacer\" data-id=\"266189a\" data-element_type=\"widget\" data-widget_type=\"spacer.default\">\n\t\t\t\t<div class=\"elementor-widget-container\">\n\t\t\t\t\t<div class=\"elementor-spacer\">\n\t\t\t<div class=\"elementor-spacer-inner\"><\/div>\n\t\t<\/div>\n\t\t\t\t<\/div>\n\t\t\t\t<\/div>\n\t\t\t\t<div class=\"elementor-element elementor-element-ee8379f elementor-widget elementor-widget-image\" data-id=\"ee8379f\" data-element_type=\"widget\" data-widget_type=\"image.default\">\n\t\t\t\t<div class=\"elementor-widget-container\">\n\t\t\t\t\t\t\t\t\t\t\t\t\t\t\t<img loading=\"lazy\" decoding=\"async\" width=\"800\" height=\"534\" src=\"https:\/\/nelly-hervouet.com\/wp-content\/uploads\/2020\/07\/IMG_5224-1024x683.jpg\" class=\"attachment-large size-large wp-image-601\" alt=\"\" srcset=\"https:\/\/nelly-hervouet.com\/wp-content\/uploads\/2020\/07\/IMG_5224-1024x683.jpg 1024w, https:\/\/nelly-hervouet.com\/wp-content\/uploads\/2020\/07\/IMG_5224-300x200.jpg 300w, https:\/\/nelly-hervouet.com\/wp-content\/uploads\/2020\/07\/IMG_5224-768x512.jpg 768w, https:\/\/nelly-hervouet.com\/wp-content\/uploads\/2020\/07\/IMG_5224-1536x1024.jpg 1536w, https:\/\/nelly-hervouet.com\/wp-content\/uploads\/2020\/07\/IMG_5224-2048x1365.jpg 2048w\" sizes=\"auto, (max-width: 800px) 100vw, 800px\" \/>\t\t\t\t\t\t\t\t\t\t\t\t\t\t\t<\/div>\n\t\t\t\t<\/div>\n\t\t\t\t<div class=\"elementor-element elementor-element-40276a9 elementor-widget elementor-widget-image\" data-id=\"40276a9\" data-element_type=\"widget\" data-widget_type=\"image.default\">\n\t\t\t\t<div class=\"elementor-widget-container\">\n\t\t\t\t\t\t\t\t\t\t\t\t\t\t\t<img loading=\"lazy\" decoding=\"async\" width=\"800\" height=\"534\" src=\"https:\/\/nelly-hervouet.com\/wp-content\/uploads\/2020\/07\/IMG_1106-1024x683.jpg\" class=\"attachment-large size-large wp-image-600\" alt=\"\" srcset=\"https:\/\/nelly-hervouet.com\/wp-content\/uploads\/2020\/07\/IMG_1106-1024x683.jpg 1024w, https:\/\/nelly-hervouet.com\/wp-content\/uploads\/2020\/07\/IMG_1106-300x200.jpg 300w, https:\/\/nelly-hervouet.com\/wp-content\/uploads\/2020\/07\/IMG_1106-768x512.jpg 768w, https:\/\/nelly-hervouet.com\/wp-content\/uploads\/2020\/07\/IMG_1106-1536x1024.jpg 1536w, https:\/\/nelly-hervouet.com\/wp-content\/uploads\/2020\/07\/IMG_1106-2048x1365.jpg 2048w\" sizes=\"auto, (max-width: 800px) 100vw, 800px\" \/>\t\t\t\t\t\t\t\t\t\t\t\t\t\t\t<\/div>\n\t\t\t\t<\/div>\n\t\t\t\t\t<\/div>\n\t\t<\/div>\n\t\t\t\t<div class=\"elementor-column elementor-col-66 elementor-top-column elementor-element elementor-element-9cac2ff\" data-id=\"9cac2ff\" data-element_type=\"column\">\n\t\t\t<div class=\"elementor-widget-wrap elementor-element-populated\">\n\t\t\t\t\t\t\t\t<div class=\"elementor-element elementor-element-3fdb7c0 elementor-widget elementor-widget-text-editor\" data-id=\"3fdb7c0\" data-element_type=\"widget\" data-widget_type=\"text-editor.default\">\n\t\t\t\t<div class=\"elementor-widget-container\">\n\t\t\t\t\t\t\t<p>\u00a0<\/p><p>Lors d\u2019un bain de for\u00eat, on collabore avec la for\u00eat comme avec une partenaire. Si cela exige parfois un effort, paradoxalement, c\u2019est en se relaxant en son sein que l\u2019on est le plus r\u00e9ceptif et \u00e0 m\u00eame de recevoir ses bienfaits. La for\u00eat est une enfant de Ga\u00efa, elle a une multitude de pr\u00e9sents \u00e0 nous faire d\u00e9couvrir et offrir, tout est bont\u00e9 et joie, si on l\u2019accueille comme tel.<\/p><p>Gr\u00e2ce aux Japonais qui pratique le shinrin yoku, m\u00e9thode qui vise \u00e0 am\u00e9liorer le bien-\u00eatre et \u00e0 pr\u00e9venir la maladie, cette prise de conscience s\u2019ouvre \u00e0 nous depuis quelques ann\u00e9es en Occident.<\/p><p><b>Le pouvoir de gu\u00e9rison des bains de for\u00eat<\/b><\/p><p><b>\u00a0<\/b>La d\u00e9tente, la sant\u00e9 et le bien \u00eatre\u00a0<\/p><p>L\u2019am\u00e9lioration de la fonction immunitaire\u00a0\u00a0<\/p><p>\u00a0La sensation de d\u00e9tente et de clart\u00e9 mentale\u00a0\u00a0<\/p><p>\u00a0La sant\u00e9 mentale et \u00e9motionnelle<\/p><p>L&rsquo;environnementalisme<\/p><p>Lien social<\/p><p>La pratique spirituelle et pleine conscience dans la nature\u00a0<\/p>\t\t\t\t\t\t<\/div>\n\t\t\t\t<\/div>\n\t\t\t\t\t<\/div>\n\t\t<\/div>\n\t\t\t\t\t\t\t<\/div>\n\t\t<\/section>\n\t\t\t\t\t\t\t<\/div>\n\t\t","protected":false},"excerpt":{"rendered":"<p>BAIN DE FOR\u00caT \u00a0 Lors d\u2019un bain de for\u00eat, on collabore avec la for\u00eat comme avec une partenaire. Si cela exige parfois un effort, paradoxalement, c\u2019est en se relaxant en son sein que l\u2019on est le plus r\u00e9ceptif et \u00e0 m\u00eame de recevoir ses bienfaits. La for\u00eat est une enfant de Ga\u00efa, elle a une [&hellip;]<\/p>\n","protected":false},"author":1,"featured_media":0,"parent":0,"menu_order":0,"comment_status":"closed","ping_status":"closed","template":"","meta":{"footnotes":""},"class_list":["post-37","page","type-page","status-publish","hentry"],"_links":{"self":[{"href":"https:\/\/nelly-hervouet.com\/index.php\/wp-json\/wp\/v2\/pages\/37","targetHints":{"allow":["GET"]}}],"collection":[{"href":"https:\/\/nelly-hervouet.com\/index.php\/wp-json\/wp\/v2\/pages"}],"about":[{"href":"https:\/\/nelly-hervouet.com\/index.php\/wp-json\/wp\/v2\/types\/page"}],"author":[{"embeddable":true,"href":"https:\/\/nelly-hervouet.com\/index.php\/wp-json\/wp\/v2\/users\/1"}],"replies":[{"embeddable":true,"href":"https:\/\/nelly-hervouet.com\/index.php\/wp-json\/wp\/v2\/comments?post=37"}],"version-history":[{"count":43,"href":"https:\/\/nelly-hervouet.com\/index.php\/wp-json\/wp\/v2\/pages\/37\/revisions"}],"predecessor-version":[{"id":977,"href":"https:\/\/nelly-hervouet.com\/index.php\/wp-json\/wp\/v2\/pages\/37\/revisions\/977"}],"wp:attachment":[{"href":"https:\/\/nelly-hervouet.com\/index.php\/wp-json\/wp\/v2\/media?parent=37"}],"curies":[{"name":"wp","href":"https:\/\/api.w.org\/{rel}","templated":true}]}}