{"id":35,"date":"2020-06-09T19:22:26","date_gmt":"2020-06-09T17:22:26","guid":{"rendered":"http:\/\/nelly-hervouet.com\/?page_id=35"},"modified":"2022-11-04T19:20:23","modified_gmt":"2022-11-04T18:20:23","slug":"equilibrage-chakras","status":"publish","type":"page","link":"https:\/\/nelly-hervouet.com\/index.php\/equilibrage-chakras\/","title":{"rendered":"Equilibrage Chakras"},"content":{"rendered":"\t\t<div data-elementor-type=\"wp-page\" data-elementor-id=\"35\" class=\"elementor elementor-35\">\n\t\t\t\t\t\t\t\t\t<section class=\"elementor-section elementor-top-section elementor-element elementor-element-1f1718d elementor-section-boxed elementor-section-height-default elementor-section-height-default\" data-id=\"1f1718d\" data-element_type=\"section\">\n\t\t\t\t\t\t<div class=\"elementor-container elementor-column-gap-default\">\n\t\t\t\t\t<div class=\"elementor-column elementor-col-33 elementor-top-column elementor-element elementor-element-6363925\" data-id=\"6363925\" data-element_type=\"column\">\n\t\t\t<div class=\"elementor-widget-wrap elementor-element-populated\">\n\t\t\t\t\t\t\t\t<div class=\"elementor-element elementor-element-2143109 elementor-widget elementor-widget-spacer\" data-id=\"2143109\" data-element_type=\"widget\" data-widget_type=\"spacer.default\">\n\t\t\t\t<div class=\"elementor-widget-container\">\n\t\t\t\t\t<div class=\"elementor-spacer\">\n\t\t\t<div class=\"elementor-spacer-inner\"><\/div>\n\t\t<\/div>\n\t\t\t\t<\/div>\n\t\t\t\t<\/div>\n\t\t\t\t<div class=\"elementor-element elementor-element-7bbbdbf elementor-widget elementor-widget-image\" data-id=\"7bbbdbf\" data-element_type=\"widget\" data-widget_type=\"image.default\">\n\t\t\t\t<div class=\"elementor-widget-container\">\n\t\t\t\t\t\t\t\t\t\t\t\t\t\t\t<img loading=\"lazy\" decoding=\"async\" width=\"244\" height=\"427\" src=\"https:\/\/nelly-hervouet.com\/wp-content\/uploads\/2020\/06\/elfe-yinyang.png\" class=\"attachment-large size-large wp-image-301\" alt=\"\" srcset=\"https:\/\/nelly-hervouet.com\/wp-content\/uploads\/2020\/06\/elfe-yinyang.png 244w, https:\/\/nelly-hervouet.com\/wp-content\/uploads\/2020\/06\/elfe-yinyang-171x300.png 171w\" sizes=\"auto, (max-width: 244px) 100vw, 244px\" \/>\t\t\t\t\t\t\t\t\t\t\t\t\t\t\t<\/div>\n\t\t\t\t<\/div>\n\t\t\t\t\t<\/div>\n\t\t<\/div>\n\t\t\t\t<div class=\"elementor-column elementor-col-33 elementor-top-column elementor-element elementor-element-e6fadd3\" data-id=\"e6fadd3\" data-element_type=\"column\">\n\t\t\t<div class=\"elementor-widget-wrap elementor-element-populated\">\n\t\t\t\t\t\t\t\t<div class=\"elementor-element elementor-element-e074d7a elementor-widget elementor-widget-image\" data-id=\"e074d7a\" data-element_type=\"widget\" data-widget_type=\"image.default\">\n\t\t\t\t<div class=\"elementor-widget-container\">\n\t\t\t\t\t\t\t\t\t\t\t\t\t\t\t<img loading=\"lazy\" decoding=\"async\" width=\"728\" height=\"316\" src=\"https:\/\/nelly-hervouet.com\/wp-content\/uploads\/2020\/06\/CHAKRAS-11.jpg\" class=\"attachment-large size-large wp-image-116\" alt=\"\" srcset=\"https:\/\/nelly-hervouet.com\/wp-content\/uploads\/2020\/06\/CHAKRAS-11.jpg 728w, https:\/\/nelly-hervouet.com\/wp-content\/uploads\/2020\/06\/CHAKRAS-11-300x130.jpg 300w\" sizes=\"auto, (max-width: 728px) 100vw, 728px\" \/>\t\t\t\t\t\t\t\t\t\t\t\t\t\t\t<\/div>\n\t\t\t\t<\/div>\n\t\t\t\t<div class=\"elementor-element elementor-element-b86d5c6 elementor-widget elementor-widget-spacer\" data-id=\"b86d5c6\" data-element_type=\"widget\" data-widget_type=\"spacer.default\">\n\t\t\t\t<div class=\"elementor-widget-container\">\n\t\t\t\t\t<div class=\"elementor-spacer\">\n\t\t\t<div class=\"elementor-spacer-inner\"><\/div>\n\t\t<\/div>\n\t\t\t\t<\/div>\n\t\t\t\t<\/div>\n\t\t\t\t<div class=\"elementor-element elementor-element-69a844c elementor-widget elementor-widget-heading\" data-id=\"69a844c\" data-element_type=\"widget\" data-widget_type=\"heading.default\">\n\t\t\t\t<div class=\"elementor-widget-container\">\n\t\t\t<h2 class=\"elementor-heading-title elementor-size-default\">EQUILIBRAGE CHAKRAS<\/h2>\t\t<\/div>\n\t\t\t\t<\/div>\n\t\t\t\t\t<\/div>\n\t\t<\/div>\n\t\t\t\t<div class=\"elementor-column elementor-col-33 elementor-top-column elementor-element elementor-element-1870393\" data-id=\"1870393\" data-element_type=\"column\">\n\t\t\t<div class=\"elementor-widget-wrap elementor-element-populated\">\n\t\t\t\t\t\t\t\t<div class=\"elementor-element elementor-element-7faeff4 elementor-widget elementor-widget-spacer\" data-id=\"7faeff4\" data-element_type=\"widget\" data-widget_type=\"spacer.default\">\n\t\t\t\t<div class=\"elementor-widget-container\">\n\t\t\t\t\t<div class=\"elementor-spacer\">\n\t\t\t<div class=\"elementor-spacer-inner\"><\/div>\n\t\t<\/div>\n\t\t\t\t<\/div>\n\t\t\t\t<\/div>\n\t\t\t\t<div class=\"elementor-element elementor-element-31f9845 elementor-widget elementor-widget-image\" data-id=\"31f9845\" data-element_type=\"widget\" data-widget_type=\"image.default\">\n\t\t\t\t<div class=\"elementor-widget-container\">\n\t\t\t\t\t\t\t\t\t\t\t\t\t\t\t<img loading=\"lazy\" decoding=\"async\" width=\"244\" height=\"427\" src=\"https:\/\/nelly-hervouet.com\/wp-content\/uploads\/2020\/06\/elfe-yinyang-droite.png\" class=\"attachment-large size-large wp-image-306\" alt=\"\" srcset=\"https:\/\/nelly-hervouet.com\/wp-content\/uploads\/2020\/06\/elfe-yinyang-droite.png 244w, https:\/\/nelly-hervouet.com\/wp-content\/uploads\/2020\/06\/elfe-yinyang-droite-171x300.png 171w\" sizes=\"auto, (max-width: 244px) 100vw, 244px\" \/>\t\t\t\t\t\t\t\t\t\t\t\t\t\t\t<\/div>\n\t\t\t\t<\/div>\n\t\t\t\t\t<\/div>\n\t\t<\/div>\n\t\t\t\t\t\t\t<\/div>\n\t\t<\/section>\n\t\t\t\t<section class=\"elementor-section elementor-top-section elementor-element elementor-element-f122745 elementor-section-boxed elementor-section-height-default elementor-section-height-default\" data-id=\"f122745\" data-element_type=\"section\">\n\t\t\t\t\t\t<div class=\"elementor-container elementor-column-gap-default\">\n\t\t\t\t\t<div class=\"elementor-column elementor-col-50 elementor-top-column elementor-element elementor-element-765b1b3\" data-id=\"765b1b3\" data-element_type=\"column\">\n\t\t\t<div class=\"elementor-widget-wrap elementor-element-populated\">\n\t\t\t\t\t\t\t\t<div class=\"elementor-element elementor-element-292f318 elementor-widget elementor-widget-text-editor\" data-id=\"292f318\" data-element_type=\"widget\" data-widget_type=\"text-editor.default\">\n\t\t\t\t<div class=\"elementor-widget-container\">\n\t\t\t\t\t\t\t<p>\u00a0 Il y a 7 chakras principaux, ils forment des roues positionn\u00e9es sur une ligne verticale le long de la colonne vert\u00e9brale.<\/p><p>\u00a0 \u00a0 \u00a0 \u00a0 \u00a0 \u00a0 \u00a0 \u00a0Ces spirales traversent les diff\u00e9rents corps subtils,\u00a0 \u00a0 \u00a0 \u00a0 \u00a0 \u00a0 \u00a0 \u00a0 elles agissent comme des transmetteurs d&rsquo;\u00e9nergie.<\/p><p>Les chakras influencent notre activit\u00e9 \u00e0 travers le fonctionnement des glandes endocrines qui affectent notre corps physique, notre \u00e9quilibre mental et notre int\u00e9grit\u00e9 \u00e9motionnelle.\u00a0<\/p><p>Ils jouent un r\u00f4le sur les plans physique, spirituel, \u00e9motionnel.<\/p><p>\u00a0 \u00a0 \u00a0 \u00a0 \u00a0 \u00a0Les chakras sont bloqu\u00e9s par la peur, la culpabilit\u00e9, la honte, le chagrin, le mensonge \u00e0 soi-m\u00eame, les attachements,\u00a0 les illusions&#8230;<\/p><p>Quand les chakras ne sont pas \u00e9quilibr\u00e9s, la vision et l&rsquo;interpr\u00e9tation du monde sont fauss\u00e9es.<\/p><p>Quand ils sont align\u00e9s nos\u00a0 perceptions s&rsquo;affinent et s&rsquo;\u00e9l\u00e8vent.\u00a0<\/p>\t\t\t\t\t\t<\/div>\n\t\t\t\t<\/div>\n\t\t\t\t<div class=\"elementor-element elementor-element-b6c55dc elementor-widget elementor-widget-spacer\" data-id=\"b6c55dc\" data-element_type=\"widget\" data-widget_type=\"spacer.default\">\n\t\t\t\t<div class=\"elementor-widget-container\">\n\t\t\t\t\t<div class=\"elementor-spacer\">\n\t\t\t<div class=\"elementor-spacer-inner\"><\/div>\n\t\t<\/div>\n\t\t\t\t<\/div>\n\t\t\t\t<\/div>\n\t\t\t\t\t<\/div>\n\t\t<\/div>\n\t\t\t\t<div class=\"elementor-column elementor-col-50 elementor-top-column elementor-element elementor-element-5871d9b\" data-id=\"5871d9b\" data-element_type=\"column\">\n\t\t\t<div class=\"elementor-widget-wrap elementor-element-populated\">\n\t\t\t\t\t\t\t\t<div class=\"elementor-element elementor-element-45db4fc elementor-widget elementor-widget-image\" data-id=\"45db4fc\" data-element_type=\"widget\" data-widget_type=\"image.default\">\n\t\t\t\t<div class=\"elementor-widget-container\">\n\t\t\t\t\t\t\t\t\t\t\t\t\t\t\t<img loading=\"lazy\" decoding=\"async\" width=\"800\" height=\"602\" src=\"https:\/\/nelly-hervouet.com\/wp-content\/uploads\/2020\/06\/CHAKRAS-ALIGNEMENT-1024x770.jpg\" class=\"attachment-large size-large wp-image-117\" alt=\"\" srcset=\"https:\/\/nelly-hervouet.com\/wp-content\/uploads\/2020\/06\/CHAKRAS-ALIGNEMENT-1024x770.jpg 1024w, https:\/\/nelly-hervouet.com\/wp-content\/uploads\/2020\/06\/CHAKRAS-ALIGNEMENT-300x226.jpg 300w, https:\/\/nelly-hervouet.com\/wp-content\/uploads\/2020\/06\/CHAKRAS-ALIGNEMENT-768x578.jpg 768w, https:\/\/nelly-hervouet.com\/wp-content\/uploads\/2020\/06\/CHAKRAS-ALIGNEMENT.jpg 1070w\" sizes=\"auto, (max-width: 800px) 100vw, 800px\" \/>\t\t\t\t\t\t\t\t\t\t\t\t\t\t\t<\/div>\n\t\t\t\t<\/div>\n\t\t\t\t<div class=\"elementor-element elementor-element-d7c2876 elementor-widget elementor-widget-text-editor\" data-id=\"d7c2876\" data-element_type=\"widget\" data-widget_type=\"text-editor.default\">\n\t\t\t\t<div class=\"elementor-widget-container\">\n\t\t\t\t\t\t\t<p><strong>Aligner les corps subtils et physique permet de retrouver l&rsquo;harmonie de l&rsquo;ensemble des corps.<\/strong><\/p><p><strong>\u00a0 \u00a0 \u00a0 \u00a0Ce <\/strong><strong>Soin Equilibrage Chakras est pr\u00e9conis\u00e9 \u00e0 chaque changement de saison.<\/strong><\/p>\t\t\t\t\t\t<\/div>\n\t\t\t\t<\/div>\n\t\t\t\t\t<\/div>\n\t\t<\/div>\n\t\t\t\t\t\t\t<\/div>\n\t\t<\/section>\n\t\t\t\t\t\t\t<\/div>\n\t\t","protected":false},"excerpt":{"rendered":"<p>EQUILIBRAGE CHAKRAS \u00a0 Il y a 7 chakras principaux, ils forment des roues positionn\u00e9es sur une ligne verticale le long de la colonne vert\u00e9brale. \u00a0 \u00a0 \u00a0 \u00a0 \u00a0 \u00a0 \u00a0 \u00a0Ces spirales traversent les diff\u00e9rents corps subtils,\u00a0 \u00a0 \u00a0 \u00a0 \u00a0 \u00a0 \u00a0 \u00a0 elles agissent comme des transmetteurs d&rsquo;\u00e9nergie. Les chakras influencent notre [&hellip;]<\/p>\n","protected":false},"author":1,"featured_media":0,"parent":0,"menu_order":0,"comment_status":"closed","ping_status":"closed","template":"","meta":{"footnotes":""},"class_list":["post-35","page","type-page","status-publish","hentry"],"_links":{"self":[{"href":"https:\/\/nelly-hervouet.com\/index.php\/wp-json\/wp\/v2\/pages\/35","targetHints":{"allow":["GET"]}}],"collection":[{"href":"https:\/\/nelly-hervouet.com\/index.php\/wp-json\/wp\/v2\/pages"}],"about":[{"href":"https:\/\/nelly-hervouet.com\/index.php\/wp-json\/wp\/v2\/types\/page"}],"author":[{"embeddable":true,"href":"https:\/\/nelly-hervouet.com\/index.php\/wp-json\/wp\/v2\/users\/1"}],"replies":[{"embeddable":true,"href":"https:\/\/nelly-hervouet.com\/index.php\/wp-json\/wp\/v2\/comments?post=35"}],"version-history":[{"count":63,"href":"https:\/\/nelly-hervouet.com\/index.php\/wp-json\/wp\/v2\/pages\/35\/revisions"}],"predecessor-version":[{"id":1391,"href":"https:\/\/nelly-hervouet.com\/index.php\/wp-json\/wp\/v2\/pages\/35\/revisions\/1391"}],"wp:attachment":[{"href":"https:\/\/nelly-hervouet.com\/index.php\/wp-json\/wp\/v2\/media?parent=35"}],"curies":[{"name":"wp","href":"https:\/\/api.w.org\/{rel}","templated":true}]}}