{"id":33,"date":"2020-06-09T19:21:54","date_gmt":"2020-06-09T17:21:54","guid":{"rendered":"http:\/\/nelly-hervouet.com\/?page_id=33"},"modified":"2023-02-08T11:06:15","modified_gmt":"2023-02-08T10:06:15","slug":"lahochi","status":"publish","type":"page","link":"https:\/\/nelly-hervouet.com\/index.php\/lahochi\/","title":{"rendered":"Lahochi"},"content":{"rendered":"\t\t<div data-elementor-type=\"wp-page\" data-elementor-id=\"33\" class=\"elementor elementor-33\">\n\t\t\t\t\t\t\t\t\t<section class=\"elementor-section elementor-top-section elementor-element elementor-element-cef7305 elementor-section-boxed elementor-section-height-default elementor-section-height-default\" data-id=\"cef7305\" data-element_type=\"section\">\n\t\t\t\t\t\t<div class=\"elementor-container elementor-column-gap-default\">\n\t\t\t\t\t<div class=\"elementor-column elementor-col-33 elementor-top-column elementor-element elementor-element-ada2817\" data-id=\"ada2817\" data-element_type=\"column\">\n\t\t\t<div class=\"elementor-widget-wrap elementor-element-populated\">\n\t\t\t\t\t\t\t\t<div class=\"elementor-element elementor-element-f7987eb elementor-widget elementor-widget-spacer\" data-id=\"f7987eb\" data-element_type=\"widget\" data-widget_type=\"spacer.default\">\n\t\t\t\t<div class=\"elementor-widget-container\">\n\t\t\t\t\t<div class=\"elementor-spacer\">\n\t\t\t<div class=\"elementor-spacer-inner\"><\/div>\n\t\t<\/div>\n\t\t\t\t<\/div>\n\t\t\t\t<\/div>\n\t\t\t\t<div class=\"elementor-element elementor-element-00f6190 elementor-widget elementor-widget-image\" data-id=\"00f6190\" data-element_type=\"widget\" data-widget_type=\"image.default\">\n\t\t\t\t<div class=\"elementor-widget-container\">\n\t\t\t\t\t\t\t\t\t\t\t\t\t\t\t<img loading=\"lazy\" decoding=\"async\" width=\"244\" height=\"427\" src=\"https:\/\/nelly-hervouet.com\/wp-content\/uploads\/2020\/06\/elfe-yinyang.png\" class=\"attachment-large size-large wp-image-301\" alt=\"\" srcset=\"https:\/\/nelly-hervouet.com\/wp-content\/uploads\/2020\/06\/elfe-yinyang.png 244w, https:\/\/nelly-hervouet.com\/wp-content\/uploads\/2020\/06\/elfe-yinyang-171x300.png 171w\" sizes=\"auto, (max-width: 244px) 100vw, 244px\" \/>\t\t\t\t\t\t\t\t\t\t\t\t\t\t\t<\/div>\n\t\t\t\t<\/div>\n\t\t\t\t\t<\/div>\n\t\t<\/div>\n\t\t\t\t<div class=\"elementor-column elementor-col-33 elementor-top-column elementor-element elementor-element-4e1bbe5\" data-id=\"4e1bbe5\" data-element_type=\"column\">\n\t\t\t<div class=\"elementor-widget-wrap elementor-element-populated\">\n\t\t\t\t\t\t\t\t<div class=\"elementor-element elementor-element-bff3db6 elementor-widget elementor-widget-image\" data-id=\"bff3db6\" data-element_type=\"widget\" data-widget_type=\"image.default\">\n\t\t\t\t<div class=\"elementor-widget-container\">\n\t\t\t\t\t\t\t\t\t\t\t\t\t\t\t<img loading=\"lazy\" decoding=\"async\" width=\"728\" height=\"316\" src=\"https:\/\/nelly-hervouet.com\/wp-content\/uploads\/2020\/06\/LAHOCHI-TRANSF-1.jpg\" class=\"attachment-large size-large wp-image-239\" alt=\"\" srcset=\"https:\/\/nelly-hervouet.com\/wp-content\/uploads\/2020\/06\/LAHOCHI-TRANSF-1.jpg 728w, https:\/\/nelly-hervouet.com\/wp-content\/uploads\/2020\/06\/LAHOCHI-TRANSF-1-300x130.jpg 300w\" sizes=\"auto, (max-width: 728px) 100vw, 728px\" \/>\t\t\t\t\t\t\t\t\t\t\t\t\t\t\t<\/div>\n\t\t\t\t<\/div>\n\t\t\t\t<div class=\"elementor-element elementor-element-bd565aa elementor-widget elementor-widget-spacer\" data-id=\"bd565aa\" data-element_type=\"widget\" data-widget_type=\"spacer.default\">\n\t\t\t\t<div class=\"elementor-widget-container\">\n\t\t\t\t\t<div class=\"elementor-spacer\">\n\t\t\t<div class=\"elementor-spacer-inner\"><\/div>\n\t\t<\/div>\n\t\t\t\t<\/div>\n\t\t\t\t<\/div>\n\t\t\t\t<div class=\"elementor-element elementor-element-d183477 elementor-widget elementor-widget-heading\" data-id=\"d183477\" data-element_type=\"widget\" data-widget_type=\"heading.default\">\n\t\t\t\t<div class=\"elementor-widget-container\">\n\t\t\t<h2 class=\"elementor-heading-title elementor-size-default\">LAHOCHI<\/h2>\t\t<\/div>\n\t\t\t\t<\/div>\n\t\t\t\t<div class=\"elementor-element elementor-element-568350c elementor-widget elementor-widget-spacer\" data-id=\"568350c\" data-element_type=\"widget\" data-widget_type=\"spacer.default\">\n\t\t\t\t<div class=\"elementor-widget-container\">\n\t\t\t\t\t<div class=\"elementor-spacer\">\n\t\t\t<div class=\"elementor-spacer-inner\"><\/div>\n\t\t<\/div>\n\t\t\t\t<\/div>\n\t\t\t\t<\/div>\n\t\t\t\t\t<\/div>\n\t\t<\/div>\n\t\t\t\t<div class=\"elementor-column elementor-col-33 elementor-top-column elementor-element elementor-element-aa741a9\" data-id=\"aa741a9\" data-element_type=\"column\">\n\t\t\t<div class=\"elementor-widget-wrap elementor-element-populated\">\n\t\t\t\t\t\t\t\t<div class=\"elementor-element elementor-element-2f69d89 elementor-widget elementor-widget-spacer\" data-id=\"2f69d89\" data-element_type=\"widget\" data-widget_type=\"spacer.default\">\n\t\t\t\t<div class=\"elementor-widget-container\">\n\t\t\t\t\t<div class=\"elementor-spacer\">\n\t\t\t<div class=\"elementor-spacer-inner\"><\/div>\n\t\t<\/div>\n\t\t\t\t<\/div>\n\t\t\t\t<\/div>\n\t\t\t\t<div class=\"elementor-element elementor-element-17db01b elementor-widget elementor-widget-image\" data-id=\"17db01b\" data-element_type=\"widget\" data-widget_type=\"image.default\">\n\t\t\t\t<div class=\"elementor-widget-container\">\n\t\t\t\t\t\t\t\t\t\t\t\t\t\t\t<img loading=\"lazy\" decoding=\"async\" width=\"244\" height=\"427\" src=\"https:\/\/nelly-hervouet.com\/wp-content\/uploads\/2020\/06\/elfe-yinyang-droite.png\" class=\"attachment-large size-large wp-image-306\" alt=\"\" srcset=\"https:\/\/nelly-hervouet.com\/wp-content\/uploads\/2020\/06\/elfe-yinyang-droite.png 244w, https:\/\/nelly-hervouet.com\/wp-content\/uploads\/2020\/06\/elfe-yinyang-droite-171x300.png 171w\" sizes=\"auto, (max-width: 244px) 100vw, 244px\" \/>\t\t\t\t\t\t\t\t\t\t\t\t\t\t\t<\/div>\n\t\t\t\t<\/div>\n\t\t\t\t\t<\/div>\n\t\t<\/div>\n\t\t\t\t\t\t\t<\/div>\n\t\t<\/section>\n\t\t\t\t<section class=\"elementor-section elementor-top-section elementor-element elementor-element-98b1334 elementor-section-boxed elementor-section-height-default elementor-section-height-default\" data-id=\"98b1334\" data-element_type=\"section\">\n\t\t\t\t\t\t<div class=\"elementor-container elementor-column-gap-default\">\n\t\t\t\t\t<div class=\"elementor-column elementor-col-25 elementor-top-column elementor-element elementor-element-cb8c09e\" data-id=\"cb8c09e\" data-element_type=\"column\">\n\t\t\t<div class=\"elementor-widget-wrap\">\n\t\t\t\t\t\t\t\t\t<\/div>\n\t\t<\/div>\n\t\t\t\t<div class=\"elementor-column elementor-col-25 elementor-top-column elementor-element elementor-element-23670aa\" data-id=\"23670aa\" data-element_type=\"column\">\n\t\t\t<div class=\"elementor-widget-wrap elementor-element-populated\">\n\t\t\t\t\t\t\t\t<div class=\"elementor-element elementor-element-d823368 elementor-widget elementor-widget-text-editor\" data-id=\"d823368\" data-element_type=\"widget\" data-widget_type=\"text-editor.default\">\n\t\t\t\t<div class=\"elementor-widget-container\">\n\t\t\t\t\t\t\t<p>C&rsquo;est une technique \u00e9nerg\u00e9tique de tr\u00e8s haute fr\u00e9quence.<\/p><p>\u00a0 \u00a0 \u00a0Le LaHoChi permet de stimuler activement les m\u00e9canismes naturels d&rsquo;Auto-Gu\u00e9rison du corps et de l&rsquo;esprit.<\/p>\t\t\t\t\t\t<\/div>\n\t\t\t\t<\/div>\n\t\t\t\t\t<\/div>\n\t\t<\/div>\n\t\t\t\t<div class=\"elementor-column elementor-col-50 elementor-top-column elementor-element elementor-element-bcfc15d\" data-id=\"bcfc15d\" data-element_type=\"column\">\n\t\t\t<div class=\"elementor-widget-wrap\">\n\t\t\t\t\t\t\t\t\t<\/div>\n\t\t<\/div>\n\t\t\t\t\t\t\t<\/div>\n\t\t<\/section>\n\t\t\t\t<section class=\"elementor-section elementor-top-section elementor-element elementor-element-a940665 elementor-section-boxed elementor-section-height-default elementor-section-height-default\" data-id=\"a940665\" data-element_type=\"section\">\n\t\t\t\t\t\t<div class=\"elementor-container elementor-column-gap-default\">\n\t\t\t\t\t<div class=\"elementor-column elementor-col-100 elementor-top-column elementor-element elementor-element-96a71aa\" data-id=\"96a71aa\" data-element_type=\"column\">\n\t\t\t<div class=\"elementor-widget-wrap elementor-element-populated\">\n\t\t\t\t\t\t\t\t<div class=\"elementor-element elementor-element-7a98c4d elementor-widget elementor-widget-image\" data-id=\"7a98c4d\" data-element_type=\"widget\" data-widget_type=\"image.default\">\n\t\t\t\t<div class=\"elementor-widget-container\">\n\t\t\t\t\t\t\t\t\t\t\t\t\t\t\t<img decoding=\"async\" src=\"https:\/\/nelly-hervouet.com\/wp-content\/uploads\/elementor\/thumbs\/LAHOCHI-TETE-or96qgf90rmf10necwh7v42nnik00batvs1ly8m854.png\" title=\"LAHOCHI TETE\" alt=\"LAHOCHI TETE\" loading=\"lazy\" \/>\t\t\t\t\t\t\t\t\t\t\t\t\t\t\t<\/div>\n\t\t\t\t<\/div>\n\t\t\t\t<div class=\"elementor-element elementor-element-a22fa92 elementor-widget elementor-widget-text-editor\" data-id=\"a22fa92\" data-element_type=\"widget\" data-widget_type=\"text-editor.default\">\n\t\t\t\t<div class=\"elementor-widget-container\">\n\t\t\t\t\t\t\t<p><strong>Les bienfaits du LaHoChi sont multiples<\/strong><\/p>\t\t\t\t\t\t<\/div>\n\t\t\t\t<\/div>\n\t\t\t\t<section class=\"elementor-section elementor-inner-section elementor-element elementor-element-d87485c elementor-section-boxed elementor-section-height-default elementor-section-height-default\" data-id=\"d87485c\" data-element_type=\"section\">\n\t\t\t\t\t\t<div class=\"elementor-container elementor-column-gap-default\">\n\t\t\t\t\t<div class=\"elementor-column elementor-col-50 elementor-inner-column elementor-element elementor-element-1a359b8\" data-id=\"1a359b8\" data-element_type=\"column\">\n\t\t\t<div class=\"elementor-widget-wrap elementor-element-populated\">\n\t\t\t\t\t\t\t\t<div class=\"elementor-element elementor-element-a54842b elementor-widget elementor-widget-text-editor\" data-id=\"a54842b\" data-element_type=\"widget\" data-widget_type=\"text-editor.default\">\n\t\t\t\t<div class=\"elementor-widget-container\">\n\t\t\t\t\t\t\t<ul><li>Profonde sensation de relaxation et de bien-\u00eatre<\/li><li>Apaise le mental<\/li><li>Clarifie les m\u00e9moires cellulaires<\/li><li>Dissout les programmes limitants<\/li><li>Active les d\u00e9fenses immunitaires<\/li><li>Att\u00e9nue les douleurs<\/li><\/ul>\t\t\t\t\t\t<\/div>\n\t\t\t\t<\/div>\n\t\t\t\t\t<\/div>\n\t\t<\/div>\n\t\t\t\t<div class=\"elementor-column elementor-col-50 elementor-inner-column elementor-element elementor-element-b9279af\" data-id=\"b9279af\" data-element_type=\"column\">\n\t\t\t<div class=\"elementor-widget-wrap elementor-element-populated\">\n\t\t\t\t\t\t\t\t<div class=\"elementor-element elementor-element-3bb8b94 elementor-widget elementor-widget-text-editor\" data-id=\"3bb8b94\" data-element_type=\"widget\" data-widget_type=\"text-editor.default\">\n\t\t\t\t<div class=\"elementor-widget-container\">\n\t\t\t\t\t\t\t<ul><li>Dissout les blocages \u00e9nerg\u00e9tiques responsables de diff\u00e9rents d\u00e9s\u00e9quilibres (psychique, \u00e9motionnels, mental et spirituel)<\/li><li>D\u00e9veloppe les capacit\u00e9s m\u00e9ditatives, psychiques et extra-sensorielles<\/li><li>Augmente consid\u00e9rablement la fr\u00e9quence vibratoire<\/li><li>Amplifie les capacit\u00e9s, le potentiel<\/li><li>Acc\u00e9l\u00e8re la gu\u00e9rison<\/li><\/ul>\t\t\t\t\t\t<\/div>\n\t\t\t\t<\/div>\n\t\t\t\t\t<\/div>\n\t\t<\/div>\n\t\t\t\t\t\t\t<\/div>\n\t\t<\/section>\n\t\t\t\t<div class=\"elementor-element elementor-element-f25e701 elementor-widget elementor-widget-spacer\" data-id=\"f25e701\" data-element_type=\"widget\" data-widget_type=\"spacer.default\">\n\t\t\t\t<div class=\"elementor-widget-container\">\n\t\t\t\t\t<div class=\"elementor-spacer\">\n\t\t\t<div class=\"elementor-spacer-inner\"><\/div>\n\t\t<\/div>\n\t\t\t\t<\/div>\n\t\t\t\t<\/div>\n\t\t\t\t\t<\/div>\n\t\t<\/div>\n\t\t\t\t\t\t\t<\/div>\n\t\t<\/section>\n\t\t\t\t\t\t\t<\/div>\n\t\t","protected":false},"excerpt":{"rendered":"<p>LAHOCHI C&rsquo;est une technique \u00e9nerg\u00e9tique de tr\u00e8s haute fr\u00e9quence. Le LaHoChi permet de stimuler activement les m\u00e9canismes naturels d&rsquo;Auto-Gu\u00e9rison du corps et de l&rsquo;esprit. Les bienfaits du LaHoChi sont multiples Profonde sensation de relaxation et de bien-\u00eatre Apaise le mental Clarifie les m\u00e9moires cellulaires Dissout les programmes limitants Active les d\u00e9fenses immunitaires Att\u00e9nue les douleurs [&hellip;]<\/p>\n","protected":false},"author":1,"featured_media":0,"parent":0,"menu_order":0,"comment_status":"closed","ping_status":"closed","template":"","meta":{"footnotes":""},"class_list":["post-33","page","type-page","status-publish","hentry"],"_links":{"self":[{"href":"https:\/\/nelly-hervouet.com\/index.php\/wp-json\/wp\/v2\/pages\/33","targetHints":{"allow":["GET"]}}],"collection":[{"href":"https:\/\/nelly-hervouet.com\/index.php\/wp-json\/wp\/v2\/pages"}],"about":[{"href":"https:\/\/nelly-hervouet.com\/index.php\/wp-json\/wp\/v2\/types\/page"}],"author":[{"embeddable":true,"href":"https:\/\/nelly-hervouet.com\/index.php\/wp-json\/wp\/v2\/users\/1"}],"replies":[{"embeddable":true,"href":"https:\/\/nelly-hervouet.com\/index.php\/wp-json\/wp\/v2\/comments?post=33"}],"version-history":[{"count":49,"href":"https:\/\/nelly-hervouet.com\/index.php\/wp-json\/wp\/v2\/pages\/33\/revisions"}],"predecessor-version":[{"id":1431,"href":"https:\/\/nelly-hervouet.com\/index.php\/wp-json\/wp\/v2\/pages\/33\/revisions\/1431"}],"wp:attachment":[{"href":"https:\/\/nelly-hervouet.com\/index.php\/wp-json\/wp\/v2\/media?parent=33"}],"curies":[{"name":"wp","href":"https:\/\/api.w.org\/{rel}","templated":true}]}}