{"id":26,"date":"2020-06-09T19:20:45","date_gmt":"2020-06-09T17:20:45","guid":{"rendered":"http:\/\/nelly-hervouet.com\/?page_id=26"},"modified":"2020-08-05T10:58:36","modified_gmt":"2020-08-05T08:58:36","slug":"magnetisme","status":"publish","type":"page","link":"https:\/\/nelly-hervouet.com\/index.php\/magnetisme\/","title":{"rendered":"Magn\u00e9tisme"},"content":{"rendered":"\t\t<div data-elementor-type=\"wp-page\" data-elementor-id=\"26\" class=\"elementor elementor-26\">\n\t\t\t\t\t\t\t\t\t<section class=\"elementor-section elementor-top-section elementor-element elementor-element-c15258c elementor-section-boxed elementor-section-height-default elementor-section-height-default\" data-id=\"c15258c\" data-element_type=\"section\">\n\t\t\t\t\t\t<div class=\"elementor-container elementor-column-gap-default\">\n\t\t\t\t\t<div class=\"elementor-column elementor-col-33 elementor-top-column elementor-element elementor-element-046faa0\" data-id=\"046faa0\" data-element_type=\"column\">\n\t\t\t<div class=\"elementor-widget-wrap elementor-element-populated\">\n\t\t\t\t\t\t\t\t<div class=\"elementor-element elementor-element-2e677a8 elementor-widget elementor-widget-spacer\" data-id=\"2e677a8\" data-element_type=\"widget\" data-widget_type=\"spacer.default\">\n\t\t\t\t<div class=\"elementor-widget-container\">\n\t\t\t\t\t<div class=\"elementor-spacer\">\n\t\t\t<div class=\"elementor-spacer-inner\"><\/div>\n\t\t<\/div>\n\t\t\t\t<\/div>\n\t\t\t\t<\/div>\n\t\t\t\t<div class=\"elementor-element elementor-element-71cde51 elementor-widget elementor-widget-image\" data-id=\"71cde51\" data-element_type=\"widget\" data-widget_type=\"image.default\">\n\t\t\t\t<div class=\"elementor-widget-container\">\n\t\t\t\t\t\t\t\t\t\t\t\t\t\t\t<img loading=\"lazy\" decoding=\"async\" width=\"244\" height=\"427\" src=\"https:\/\/nelly-hervouet.com\/wp-content\/uploads\/2020\/06\/elfe-yinyang.png\" class=\"attachment-large size-large wp-image-301\" alt=\"\" srcset=\"https:\/\/nelly-hervouet.com\/wp-content\/uploads\/2020\/06\/elfe-yinyang.png 244w, https:\/\/nelly-hervouet.com\/wp-content\/uploads\/2020\/06\/elfe-yinyang-171x300.png 171w\" sizes=\"auto, (max-width: 244px) 100vw, 244px\" \/>\t\t\t\t\t\t\t\t\t\t\t\t\t\t\t<\/div>\n\t\t\t\t<\/div>\n\t\t\t\t\t<\/div>\n\t\t<\/div>\n\t\t\t\t<div class=\"elementor-column elementor-col-33 elementor-top-column elementor-element elementor-element-b281bd8\" data-id=\"b281bd8\" data-element_type=\"column\" data-settings=\"{&quot;background_background&quot;:&quot;classic&quot;}\">\n\t\t\t<div class=\"elementor-widget-wrap elementor-element-populated\">\n\t\t\t\t\t\t\t\t<div class=\"elementor-element elementor-element-34bb4d5 elementor-widget elementor-widget-image\" data-id=\"34bb4d5\" data-element_type=\"widget\" data-widget_type=\"image.default\">\n\t\t\t\t<div class=\"elementor-widget-container\">\n\t\t\t\t\t\t\t\t\t\t\t\t\t\t\t<img loading=\"lazy\" decoding=\"async\" width=\"728\" height=\"316\" src=\"https:\/\/nelly-hervouet.com\/wp-content\/uploads\/2020\/06\/MAGNETISME-10.jpg\" class=\"attachment-large size-large wp-image-120\" alt=\"\" srcset=\"https:\/\/nelly-hervouet.com\/wp-content\/uploads\/2020\/06\/MAGNETISME-10.jpg 728w, https:\/\/nelly-hervouet.com\/wp-content\/uploads\/2020\/06\/MAGNETISME-10-300x130.jpg 300w\" sizes=\"auto, (max-width: 728px) 100vw, 728px\" \/>\t\t\t\t\t\t\t\t\t\t\t\t\t\t\t<\/div>\n\t\t\t\t<\/div>\n\t\t\t\t<div class=\"elementor-element elementor-element-b2bd3ec elementor-widget elementor-widget-spacer\" data-id=\"b2bd3ec\" data-element_type=\"widget\" data-widget_type=\"spacer.default\">\n\t\t\t\t<div class=\"elementor-widget-container\">\n\t\t\t\t\t<div class=\"elementor-spacer\">\n\t\t\t<div class=\"elementor-spacer-inner\"><\/div>\n\t\t<\/div>\n\t\t\t\t<\/div>\n\t\t\t\t<\/div>\n\t\t\t\t<div class=\"elementor-element elementor-element-346d841 elementor-widget elementor-widget-heading\" data-id=\"346d841\" data-element_type=\"widget\" data-widget_type=\"heading.default\">\n\t\t\t\t<div class=\"elementor-widget-container\">\n\t\t\t<h2 class=\"elementor-heading-title elementor-size-default\">MAGNETISME<\/h2>\t\t<\/div>\n\t\t\t\t<\/div>\n\t\t\t\t\t<\/div>\n\t\t<\/div>\n\t\t\t\t<div class=\"elementor-column elementor-col-33 elementor-top-column elementor-element elementor-element-b0debbb\" data-id=\"b0debbb\" data-element_type=\"column\">\n\t\t\t<div class=\"elementor-widget-wrap elementor-element-populated\">\n\t\t\t\t\t\t\t\t<div class=\"elementor-element elementor-element-e50394c elementor-widget elementor-widget-spacer\" data-id=\"e50394c\" data-element_type=\"widget\" data-widget_type=\"spacer.default\">\n\t\t\t\t<div class=\"elementor-widget-container\">\n\t\t\t\t\t<div class=\"elementor-spacer\">\n\t\t\t<div class=\"elementor-spacer-inner\"><\/div>\n\t\t<\/div>\n\t\t\t\t<\/div>\n\t\t\t\t<\/div>\n\t\t\t\t<div class=\"elementor-element elementor-element-967d70c elementor-widget elementor-widget-image\" data-id=\"967d70c\" data-element_type=\"widget\" data-widget_type=\"image.default\">\n\t\t\t\t<div class=\"elementor-widget-container\">\n\t\t\t\t\t\t\t\t\t\t\t\t\t\t\t<img loading=\"lazy\" decoding=\"async\" width=\"244\" height=\"427\" src=\"https:\/\/nelly-hervouet.com\/wp-content\/uploads\/2020\/06\/elfe-yinyang-droite.png\" class=\"attachment-large size-large wp-image-306\" alt=\"\" srcset=\"https:\/\/nelly-hervouet.com\/wp-content\/uploads\/2020\/06\/elfe-yinyang-droite.png 244w, https:\/\/nelly-hervouet.com\/wp-content\/uploads\/2020\/06\/elfe-yinyang-droite-171x300.png 171w\" sizes=\"auto, (max-width: 244px) 100vw, 244px\" \/>\t\t\t\t\t\t\t\t\t\t\t\t\t\t\t<\/div>\n\t\t\t\t<\/div>\n\t\t\t\t\t<\/div>\n\t\t<\/div>\n\t\t\t\t\t\t\t<\/div>\n\t\t<\/section>\n\t\t\t\t<section class=\"elementor-section elementor-top-section elementor-element elementor-element-e7c0a5a elementor-section-boxed elementor-section-height-default elementor-section-height-default\" data-id=\"e7c0a5a\" data-element_type=\"section\">\n\t\t\t\t\t\t<div class=\"elementor-container elementor-column-gap-default\">\n\t\t\t\t\t<div class=\"elementor-column elementor-col-50 elementor-top-column elementor-element elementor-element-d59b4f8\" data-id=\"d59b4f8\" data-element_type=\"column\">\n\t\t\t<div class=\"elementor-widget-wrap elementor-element-populated\">\n\t\t\t\t\t\t\t\t<div class=\"elementor-element elementor-element-eadc23d elementor-widget elementor-widget-spacer\" data-id=\"eadc23d\" data-element_type=\"widget\" data-widget_type=\"spacer.default\">\n\t\t\t\t<div class=\"elementor-widget-container\">\n\t\t\t\t\t<div class=\"elementor-spacer\">\n\t\t\t<div class=\"elementor-spacer-inner\"><\/div>\n\t\t<\/div>\n\t\t\t\t<\/div>\n\t\t\t\t<\/div>\n\t\t\t\t<div class=\"elementor-element elementor-element-870b787 elementor-widget elementor-widget-text-editor\" data-id=\"870b787\" data-element_type=\"widget\" data-widget_type=\"text-editor.default\">\n\t\t\t\t<div class=\"elementor-widget-container\">\n\t\t\t\t\t\t\t<p>Le <strong>Magn\u00e9tisme<\/strong> permet de soulager, d&rsquo;apaiser, d&rsquo;att\u00e9nuer les effets\u00a0<\/p><p>\u00a0de la douleur et les g\u00eanes caus\u00e9es par la maladie.<\/p><p>Il agit au niveau physique, \u00e9motionnel, organique,<\/p><p>psychologique et \u00e9nerg\u00e9tique.<\/p><p>Il augmente le Taux Vibratoire et la Force Vitale du corps.<\/p><p><strong>Le corps physique n&rsquo;est la cause de rien,<\/strong><\/p><p><strong>\u00a0<\/strong><b style=\"font-size: 1rem;\">mais la cons\u00e9quence de tout.<\/b><\/p><p><b style=\"font-size: 1rem;\">\u00a0<\/b><\/p><p><em>En cons\u00e9quence, c&rsquo;est le corps physique qui supporte et subit tous les\u00a0<\/em><\/p><p><em>dysfonctionnements entre le corps \u00e9motionnel\u00a0<\/em><\/p><p><em>et les diff\u00e9rents plans \u00e9nerg\u00e9tiques\u00a0<\/em><\/p><p><em>en les exprimant dans sa chair.<\/em><\/p><p><em>\u00a0<\/em><\/p>\t\t\t\t\t\t<\/div>\n\t\t\t\t<\/div>\n\t\t\t\t<div class=\"elementor-element elementor-element-ba2b8ed elementor-widget elementor-widget-spacer\" data-id=\"ba2b8ed\" data-element_type=\"widget\" data-widget_type=\"spacer.default\">\n\t\t\t\t<div class=\"elementor-widget-container\">\n\t\t\t\t\t<div class=\"elementor-spacer\">\n\t\t\t<div class=\"elementor-spacer-inner\"><\/div>\n\t\t<\/div>\n\t\t\t\t<\/div>\n\t\t\t\t<\/div>\n\t\t\t\t\t<\/div>\n\t\t<\/div>\n\t\t\t\t<div class=\"elementor-column elementor-col-50 elementor-top-column elementor-element elementor-element-06c5466\" data-id=\"06c5466\" data-element_type=\"column\">\n\t\t\t<div class=\"elementor-widget-wrap elementor-element-populated\">\n\t\t\t\t\t\t\t\t<div class=\"elementor-element elementor-element-a8fb9cd elementor-widget elementor-widget-image\" data-id=\"a8fb9cd\" data-element_type=\"widget\" data-widget_type=\"image.default\">\n\t\t\t\t<div class=\"elementor-widget-container\">\n\t\t\t\t\t\t\t\t\t\t\t\t\t\t\t<img loading=\"lazy\" decoding=\"async\" width=\"407\" height=\"615\" src=\"https:\/\/nelly-hervouet.com\/wp-content\/uploads\/2020\/06\/hands-1370183211Gju.jpg\" class=\"attachment-large size-large wp-image-119\" alt=\"\" srcset=\"https:\/\/nelly-hervouet.com\/wp-content\/uploads\/2020\/06\/hands-1370183211Gju.jpg 407w, https:\/\/nelly-hervouet.com\/wp-content\/uploads\/2020\/06\/hands-1370183211Gju-199x300.jpg 199w\" sizes=\"auto, (max-width: 407px) 100vw, 407px\" \/>\t\t\t\t\t\t\t\t\t\t\t\t\t\t\t<\/div>\n\t\t\t\t<\/div>\n\t\t\t\t\t<\/div>\n\t\t<\/div>\n\t\t\t\t\t\t\t<\/div>\n\t\t<\/section>\n\t\t\t\t\t\t\t<\/div>\n\t\t","protected":false},"excerpt":{"rendered":"<p>MAGNETISME Le Magn\u00e9tisme permet de soulager, d&rsquo;apaiser, d&rsquo;att\u00e9nuer les effets\u00a0 \u00a0de la douleur et les g\u00eanes caus\u00e9es par la maladie. Il agit au niveau physique, \u00e9motionnel, organique, psychologique et \u00e9nerg\u00e9tique. Il augmente le Taux Vibratoire et la Force Vitale du corps. Le corps physique n&rsquo;est la cause de rien, \u00a0mais la cons\u00e9quence de tout. \u00a0 [&hellip;]<\/p>\n","protected":false},"author":1,"featured_media":0,"parent":0,"menu_order":0,"comment_status":"closed","ping_status":"closed","template":"","meta":{"footnotes":""},"class_list":["post-26","page","type-page","status-publish","hentry"],"_links":{"self":[{"href":"https:\/\/nelly-hervouet.com\/index.php\/wp-json\/wp\/v2\/pages\/26","targetHints":{"allow":["GET"]}}],"collection":[{"href":"https:\/\/nelly-hervouet.com\/index.php\/wp-json\/wp\/v2\/pages"}],"about":[{"href":"https:\/\/nelly-hervouet.com\/index.php\/wp-json\/wp\/v2\/types\/page"}],"author":[{"embeddable":true,"href":"https:\/\/nelly-hervouet.com\/index.php\/wp-json\/wp\/v2\/users\/1"}],"replies":[{"embeddable":true,"href":"https:\/\/nelly-hervouet.com\/index.php\/wp-json\/wp\/v2\/comments?post=26"}],"version-history":[{"count":36,"href":"https:\/\/nelly-hervouet.com\/index.php\/wp-json\/wp\/v2\/pages\/26\/revisions"}],"predecessor-version":[{"id":942,"href":"https:\/\/nelly-hervouet.com\/index.php\/wp-json\/wp\/v2\/pages\/26\/revisions\/942"}],"wp:attachment":[{"href":"https:\/\/nelly-hervouet.com\/index.php\/wp-json\/wp\/v2\/media?parent=26"}],"curies":[{"name":"wp","href":"https:\/\/api.w.org\/{rel}","templated":true}]}}