{"id":1206,"date":"2022-11-02T17:38:34","date_gmt":"2022-11-02T16:38:34","guid":{"rendered":"https:\/\/nelly-hervouet.com\/?page_id=1206"},"modified":"2023-02-08T11:04:41","modified_gmt":"2023-02-08T10:04:41","slug":"atelier-alchimie-des-plantes-medicinales","status":"publish","type":"page","link":"https:\/\/nelly-hervouet.com\/index.php\/atelier-alchimie-des-plantes-medicinales\/","title":{"rendered":"Transformation de Plantes M\u00e9dicinales"},"content":{"rendered":"\t\t<div data-elementor-type=\"wp-page\" data-elementor-id=\"1206\" class=\"elementor elementor-1206\">\n\t\t\t\t\t\t\t\t\t<section class=\"elementor-section elementor-top-section elementor-element elementor-element-3f56acb elementor-section-boxed elementor-section-height-default elementor-section-height-default\" data-id=\"3f56acb\" data-element_type=\"section\">\n\t\t\t\t\t\t<div class=\"elementor-container elementor-column-gap-default\">\n\t\t\t\t\t<div class=\"elementor-column elementor-col-16 elementor-top-column elementor-element elementor-element-d434f83\" data-id=\"d434f83\" data-element_type=\"column\">\n\t\t\t<div class=\"elementor-widget-wrap\">\n\t\t\t\t\t\t\t\t\t<\/div>\n\t\t<\/div>\n\t\t\t\t<div class=\"elementor-column elementor-col-66 elementor-top-column elementor-element elementor-element-7e18b72\" data-id=\"7e18b72\" data-element_type=\"column\">\n\t\t\t<div class=\"elementor-widget-wrap elementor-element-populated\">\n\t\t\t\t\t\t\t\t<div class=\"elementor-element elementor-element-2d59b64 elementor-widget elementor-widget-image\" data-id=\"2d59b64\" data-element_type=\"widget\" data-widget_type=\"image.default\">\n\t\t\t\t<div class=\"elementor-widget-container\">\n\t\t\t\t\t\t\t\t\t\t\t\t\t\t\t<img loading=\"lazy\" decoding=\"async\" width=\"800\" height=\"534\" src=\"https:\/\/nelly-hervouet.com\/wp-content\/uploads\/2022\/11\/IMG_0029-1024x683.jpg\" class=\"attachment-large size-large wp-image-1247\" alt=\"\" srcset=\"https:\/\/nelly-hervouet.com\/wp-content\/uploads\/2022\/11\/IMG_0029-1024x683.jpg 1024w, https:\/\/nelly-hervouet.com\/wp-content\/uploads\/2022\/11\/IMG_0029-300x200.jpg 300w, https:\/\/nelly-hervouet.com\/wp-content\/uploads\/2022\/11\/IMG_0029-768x512.jpg 768w, https:\/\/nelly-hervouet.com\/wp-content\/uploads\/2022\/11\/IMG_0029-1536x1024.jpg 1536w, https:\/\/nelly-hervouet.com\/wp-content\/uploads\/2022\/11\/IMG_0029-2048x1365.jpg 2048w\" sizes=\"auto, (max-width: 800px) 100vw, 800px\" \/>\t\t\t\t\t\t\t\t\t\t\t\t\t\t\t<\/div>\n\t\t\t\t<\/div>\n\t\t\t\t\t<\/div>\n\t\t<\/div>\n\t\t\t\t<div class=\"elementor-column elementor-col-16 elementor-top-column elementor-element elementor-element-544995f\" data-id=\"544995f\" data-element_type=\"column\">\n\t\t\t<div class=\"elementor-widget-wrap\">\n\t\t\t\t\t\t\t\t\t<\/div>\n\t\t<\/div>\n\t\t\t\t\t\t\t<\/div>\n\t\t<\/section>\n\t\t\t\t<section class=\"elementor-section elementor-top-section elementor-element elementor-element-12d5cf5 elementor-section-boxed elementor-section-height-default elementor-section-height-default\" data-id=\"12d5cf5\" data-element_type=\"section\">\n\t\t\t\t\t\t<div class=\"elementor-container elementor-column-gap-default\">\n\t\t\t\t\t<div class=\"elementor-column elementor-col-33 elementor-top-column elementor-element elementor-element-0721d10\" data-id=\"0721d10\" data-element_type=\"column\">\n\t\t\t<div class=\"elementor-widget-wrap\">\n\t\t\t\t\t\t\t\t\t<\/div>\n\t\t<\/div>\n\t\t\t\t<div class=\"elementor-column elementor-col-33 elementor-top-column elementor-element elementor-element-93d3f30\" data-id=\"93d3f30\" data-element_type=\"column\">\n\t\t\t<div class=\"elementor-widget-wrap elementor-element-populated\">\n\t\t\t\t\t\t\t\t<div class=\"elementor-element elementor-element-bdfac50 elementor-widget elementor-widget-spacer\" data-id=\"bdfac50\" data-element_type=\"widget\" data-widget_type=\"spacer.default\">\n\t\t\t\t<div class=\"elementor-widget-container\">\n\t\t\t\t\t<div class=\"elementor-spacer\">\n\t\t\t<div class=\"elementor-spacer-inner\"><\/div>\n\t\t<\/div>\n\t\t\t\t<\/div>\n\t\t\t\t<\/div>\n\t\t\t\t<div class=\"elementor-element elementor-element-5b3d56a elementor-widget elementor-widget-heading\" data-id=\"5b3d56a\" data-element_type=\"widget\" data-widget_type=\"heading.default\">\n\t\t\t\t<div class=\"elementor-widget-container\">\n\t\t\t<h2 class=\"elementor-heading-title elementor-size-large\">TRANSFORMATION <br>DES PLANTES MEDICINALES<\/h2>\t\t<\/div>\n\t\t\t\t<\/div>\n\t\t\t\t\t<\/div>\n\t\t<\/div>\n\t\t\t\t<div class=\"elementor-column elementor-col-33 elementor-top-column elementor-element elementor-element-9cda101\" data-id=\"9cda101\" data-element_type=\"column\">\n\t\t\t<div class=\"elementor-widget-wrap\">\n\t\t\t\t\t\t\t\t\t<\/div>\n\t\t<\/div>\n\t\t\t\t\t\t\t<\/div>\n\t\t<\/section>\n\t\t\t\t<section class=\"elementor-section elementor-top-section elementor-element elementor-element-16ace67 elementor-section-boxed elementor-section-height-default elementor-section-height-default\" data-id=\"16ace67\" data-element_type=\"section\">\n\t\t\t\t\t\t<div class=\"elementor-container elementor-column-gap-default\">\n\t\t\t\t\t<div class=\"elementor-column elementor-col-100 elementor-top-column elementor-element elementor-element-c0e9c06\" data-id=\"c0e9c06\" data-element_type=\"column\">\n\t\t\t<div class=\"elementor-widget-wrap elementor-element-populated\">\n\t\t\t\t\t\t\t\t<div class=\"elementor-element elementor-element-024e52f elementor-widget elementor-widget-spacer\" data-id=\"024e52f\" data-element_type=\"widget\" data-widget_type=\"spacer.default\">\n\t\t\t\t<div class=\"elementor-widget-container\">\n\t\t\t\t\t<div class=\"elementor-spacer\">\n\t\t\t<div class=\"elementor-spacer-inner\"><\/div>\n\t\t<\/div>\n\t\t\t\t<\/div>\n\t\t\t\t<\/div>\n\t\t\t\t\t<\/div>\n\t\t<\/div>\n\t\t\t\t\t\t\t<\/div>\n\t\t<\/section>\n\t\t\t\t<section class=\"elementor-section elementor-top-section elementor-element elementor-element-747e1aa elementor-section-boxed elementor-section-height-default elementor-section-height-default\" data-id=\"747e1aa\" data-element_type=\"section\">\n\t\t\t\t\t\t<div class=\"elementor-container elementor-column-gap-default\">\n\t\t\t\t\t<div class=\"elementor-column elementor-col-50 elementor-top-column elementor-element elementor-element-92e7a34\" data-id=\"92e7a34\" data-element_type=\"column\">\n\t\t\t<div class=\"elementor-widget-wrap elementor-element-populated\">\n\t\t\t\t\t\t\t\t<div class=\"elementor-element elementor-element-2c3f7bc elementor-widget elementor-widget-spacer\" data-id=\"2c3f7bc\" data-element_type=\"widget\" data-widget_type=\"spacer.default\">\n\t\t\t\t<div class=\"elementor-widget-container\">\n\t\t\t\t\t<div class=\"elementor-spacer\">\n\t\t\t<div class=\"elementor-spacer-inner\"><\/div>\n\t\t<\/div>\n\t\t\t\t<\/div>\n\t\t\t\t<\/div>\n\t\t\t\t<div class=\"elementor-element elementor-element-5e1bcf7 elementor-widget elementor-widget-text-editor\" data-id=\"5e1bcf7\" data-element_type=\"widget\" data-widget_type=\"text-editor.default\">\n\t\t\t\t<div class=\"elementor-widget-container\">\n\t\t\t\t\t\t\t<p>Lors d&rsquo;une journ\u00e9e Transformation des Plantes M\u00e9dicinales, le programme est riche et vari\u00e9.<\/p>\n<p>Plusieurs \u00e9tapes sont n\u00e9cessaires, la cueillette, le nettoyage, le s\u00e9chage, la pr\u00e9paration, la confection, le remplissage et l&rsquo;\u00e9tiquetage.<\/p>\n<p>Vous r\u00e9aliserez des mac\u00e9rats huileux, des baumes et gr\u00e2ce \u00e0 l&rsquo;alambic, nous obtiendrons un hydrolat au cours de cette journ\u00e9e.<\/p>\n<p>Vous allez appr\u00e9cier de repartir avec les pr\u00e9parations (un mac\u00e9rat huileux, un baume et un hydrolat) r\u00e9aliser lors de votre journ\u00e9e.<\/p>\t\t\t\t\t\t<\/div>\n\t\t\t\t<\/div>\n\t\t\t\t\t<\/div>\n\t\t<\/div>\n\t\t\t\t<div class=\"elementor-column elementor-col-50 elementor-top-column elementor-element elementor-element-17171fe\" data-id=\"17171fe\" data-element_type=\"column\">\n\t\t\t<div class=\"elementor-widget-wrap elementor-element-populated\">\n\t\t\t\t\t\t\t\t<div class=\"elementor-element elementor-element-c28b5e7 elementor-widget elementor-widget-spacer\" data-id=\"c28b5e7\" data-element_type=\"widget\" data-widget_type=\"spacer.default\">\n\t\t\t\t<div class=\"elementor-widget-container\">\n\t\t\t\t\t<div class=\"elementor-spacer\">\n\t\t\t<div class=\"elementor-spacer-inner\"><\/div>\n\t\t<\/div>\n\t\t\t\t<\/div>\n\t\t\t\t<\/div>\n\t\t\t\t<div class=\"elementor-element elementor-element-2b98d2b elementor-widget elementor-widget-image\" data-id=\"2b98d2b\" data-element_type=\"widget\" data-widget_type=\"image.default\">\n\t\t\t\t<div class=\"elementor-widget-container\">\n\t\t\t\t\t\t\t\t\t\t\t\t\t\t\t<img loading=\"lazy\" decoding=\"async\" width=\"487\" height=\"417\" src=\"https:\/\/nelly-hervouet.com\/wp-content\/uploads\/2022\/11\/NETTOYAGE-PLANTES.jpg\" class=\"attachment-large size-large wp-image-1320\" alt=\"\" srcset=\"https:\/\/nelly-hervouet.com\/wp-content\/uploads\/2022\/11\/NETTOYAGE-PLANTES.jpg 487w, https:\/\/nelly-hervouet.com\/wp-content\/uploads\/2022\/11\/NETTOYAGE-PLANTES-300x257.jpg 300w\" sizes=\"auto, (max-width: 487px) 100vw, 487px\" \/>\t\t\t\t\t\t\t\t\t\t\t\t\t\t\t<\/div>\n\t\t\t\t<\/div>\n\t\t\t\t\t<\/div>\n\t\t<\/div>\n\t\t\t\t\t\t\t<\/div>\n\t\t<\/section>\n\t\t\t\t<section class=\"elementor-section elementor-top-section elementor-element elementor-element-3904cc8 elementor-section-boxed elementor-section-height-default elementor-section-height-default\" data-id=\"3904cc8\" data-element_type=\"section\">\n\t\t\t\t\t\t<div class=\"elementor-container elementor-column-gap-default\">\n\t\t\t\t\t<div class=\"elementor-column elementor-col-66 elementor-top-column elementor-element elementor-element-3503a15\" data-id=\"3503a15\" data-element_type=\"column\">\n\t\t\t<div class=\"elementor-widget-wrap\">\n\t\t\t\t\t\t\t\t\t<\/div>\n\t\t<\/div>\n\t\t\t\t<div class=\"elementor-column elementor-col-33 elementor-top-column elementor-element elementor-element-8ff4283\" data-id=\"8ff4283\" data-element_type=\"column\">\n\t\t\t<div class=\"elementor-widget-wrap elementor-element-populated\">\n\t\t\t\t\t\t\t\t<div class=\"elementor-element elementor-element-1495532 elementor-widget elementor-widget-spacer\" data-id=\"1495532\" data-element_type=\"widget\" data-widget_type=\"spacer.default\">\n\t\t\t\t<div class=\"elementor-widget-container\">\n\t\t\t\t\t<div class=\"elementor-spacer\">\n\t\t\t<div class=\"elementor-spacer-inner\"><\/div>\n\t\t<\/div>\n\t\t\t\t<\/div>\n\t\t\t\t<\/div>\n\t\t\t\t\t<\/div>\n\t\t<\/div>\n\t\t\t\t\t\t\t<\/div>\n\t\t<\/section>\n\t\t\t\t<section class=\"elementor-section elementor-top-section elementor-element elementor-element-d9719fd elementor-section-boxed elementor-section-height-default elementor-section-height-default\" data-id=\"d9719fd\" data-element_type=\"section\">\n\t\t\t\t\t\t<div class=\"elementor-container elementor-column-gap-default\">\n\t\t\t\t\t<div class=\"elementor-column elementor-col-16 elementor-top-column elementor-element elementor-element-1a98a5c\" data-id=\"1a98a5c\" data-element_type=\"column\">\n\t\t\t<div class=\"elementor-widget-wrap\">\n\t\t\t\t\t\t\t\t\t<\/div>\n\t\t<\/div>\n\t\t\t\t<div class=\"elementor-column elementor-col-16 elementor-top-column elementor-element elementor-element-11ce91a\" data-id=\"11ce91a\" data-element_type=\"column\">\n\t\t\t<div class=\"elementor-widget-wrap elementor-element-populated\">\n\t\t\t\t\t\t\t\t<div class=\"elementor-element elementor-element-5617c07 elementor-widget elementor-widget-spacer\" data-id=\"5617c07\" data-element_type=\"widget\" data-widget_type=\"spacer.default\">\n\t\t\t\t<div class=\"elementor-widget-container\">\n\t\t\t\t\t<div class=\"elementor-spacer\">\n\t\t\t<div class=\"elementor-spacer-inner\"><\/div>\n\t\t<\/div>\n\t\t\t\t<\/div>\n\t\t\t\t<\/div>\n\t\t\t\t<div class=\"elementor-element elementor-element-d868785 elementor-widget elementor-widget-image\" data-id=\"d868785\" data-element_type=\"widget\" data-widget_type=\"image.default\">\n\t\t\t\t<div class=\"elementor-widget-container\">\n\t\t\t\t\t\t\t\t\t\t\t\t\t\t\t<img loading=\"lazy\" decoding=\"async\" width=\"766\" height=\"1024\" src=\"https:\/\/nelly-hervouet.com\/wp-content\/uploads\/2022\/11\/IMG_20220506_114208-766x1024.jpg\" class=\"attachment-large size-large wp-image-1263\" alt=\"\" srcset=\"https:\/\/nelly-hervouet.com\/wp-content\/uploads\/2022\/11\/IMG_20220506_114208-766x1024.jpg 766w, https:\/\/nelly-hervouet.com\/wp-content\/uploads\/2022\/11\/IMG_20220506_114208-224x300.jpg 224w, https:\/\/nelly-hervouet.com\/wp-content\/uploads\/2022\/11\/IMG_20220506_114208-768x1026.jpg 768w, https:\/\/nelly-hervouet.com\/wp-content\/uploads\/2022\/11\/IMG_20220506_114208-1149x1536.jpg 1149w, https:\/\/nelly-hervouet.com\/wp-content\/uploads\/2022\/11\/IMG_20220506_114208-1532x2048.jpg 1532w, https:\/\/nelly-hervouet.com\/wp-content\/uploads\/2022\/11\/IMG_20220506_114208-scaled.jpg 1916w\" sizes=\"auto, (max-width: 766px) 100vw, 766px\" \/>\t\t\t\t\t\t\t\t\t\t\t\t\t\t\t<\/div>\n\t\t\t\t<\/div>\n\t\t\t\t\t<\/div>\n\t\t<\/div>\n\t\t\t\t<div class=\"elementor-column elementor-col-16 elementor-top-column elementor-element elementor-element-673330d\" data-id=\"673330d\" data-element_type=\"column\">\n\t\t\t<div class=\"elementor-widget-wrap elementor-element-populated\">\n\t\t\t\t\t\t\t\t<div class=\"elementor-element elementor-element-763d7c4 elementor-widget elementor-widget-spacer\" data-id=\"763d7c4\" data-element_type=\"widget\" data-widget_type=\"spacer.default\">\n\t\t\t\t<div class=\"elementor-widget-container\">\n\t\t\t\t\t<div class=\"elementor-spacer\">\n\t\t\t<div class=\"elementor-spacer-inner\"><\/div>\n\t\t<\/div>\n\t\t\t\t<\/div>\n\t\t\t\t<\/div>\n\t\t\t\t<div class=\"elementor-element elementor-element-f0fa08c elementor-widget elementor-widget-image\" data-id=\"f0fa08c\" data-element_type=\"widget\" data-widget_type=\"image.default\">\n\t\t\t\t<div class=\"elementor-widget-container\">\n\t\t\t\t\t\t\t\t\t\t\t\t\t\t\t<img loading=\"lazy\" decoding=\"async\" width=\"800\" height=\"534\" src=\"https:\/\/nelly-hervouet.com\/wp-content\/uploads\/2022\/11\/IMG_7453-1024x683.jpg\" class=\"attachment-large size-large wp-image-1248\" alt=\"\" srcset=\"https:\/\/nelly-hervouet.com\/wp-content\/uploads\/2022\/11\/IMG_7453-1024x683.jpg 1024w, https:\/\/nelly-hervouet.com\/wp-content\/uploads\/2022\/11\/IMG_7453-300x200.jpg 300w, https:\/\/nelly-hervouet.com\/wp-content\/uploads\/2022\/11\/IMG_7453-768x512.jpg 768w, https:\/\/nelly-hervouet.com\/wp-content\/uploads\/2022\/11\/IMG_7453-1536x1024.jpg 1536w, https:\/\/nelly-hervouet.com\/wp-content\/uploads\/2022\/11\/IMG_7453-2048x1365.jpg 2048w\" sizes=\"auto, (max-width: 800px) 100vw, 800px\" \/>\t\t\t\t\t\t\t\t\t\t\t\t\t\t\t<\/div>\n\t\t\t\t<\/div>\n\t\t\t\t<div class=\"elementor-element elementor-element-b3757ad elementor-widget elementor-widget-image\" data-id=\"b3757ad\" data-element_type=\"widget\" data-widget_type=\"image.default\">\n\t\t\t\t<div class=\"elementor-widget-container\">\n\t\t\t\t\t\t\t\t\t\t\t\t\t\t\t<img loading=\"lazy\" decoding=\"async\" width=\"800\" height=\"534\" src=\"https:\/\/nelly-hervouet.com\/wp-content\/uploads\/2022\/11\/IMG_7474-1024x683.jpg\" class=\"attachment-large size-large wp-image-1257\" alt=\"\" srcset=\"https:\/\/nelly-hervouet.com\/wp-content\/uploads\/2022\/11\/IMG_7474-1024x683.jpg 1024w, https:\/\/nelly-hervouet.com\/wp-content\/uploads\/2022\/11\/IMG_7474-300x200.jpg 300w, https:\/\/nelly-hervouet.com\/wp-content\/uploads\/2022\/11\/IMG_7474-768x512.jpg 768w, https:\/\/nelly-hervouet.com\/wp-content\/uploads\/2022\/11\/IMG_7474-1536x1024.jpg 1536w, https:\/\/nelly-hervouet.com\/wp-content\/uploads\/2022\/11\/IMG_7474-2048x1365.jpg 2048w\" sizes=\"auto, (max-width: 800px) 100vw, 800px\" \/>\t\t\t\t\t\t\t\t\t\t\t\t\t\t\t<\/div>\n\t\t\t\t<\/div>\n\t\t\t\t\t<\/div>\n\t\t<\/div>\n\t\t\t\t<div class=\"elementor-column elementor-col-16 elementor-top-column elementor-element elementor-element-ab5571b\" data-id=\"ab5571b\" data-element_type=\"column\">\n\t\t\t<div class=\"elementor-widget-wrap elementor-element-populated\">\n\t\t\t\t\t\t\t\t<div class=\"elementor-element elementor-element-cd2661d elementor-widget elementor-widget-spacer\" data-id=\"cd2661d\" data-element_type=\"widget\" data-widget_type=\"spacer.default\">\n\t\t\t\t<div class=\"elementor-widget-container\">\n\t\t\t\t\t<div class=\"elementor-spacer\">\n\t\t\t<div class=\"elementor-spacer-inner\"><\/div>\n\t\t<\/div>\n\t\t\t\t<\/div>\n\t\t\t\t<\/div>\n\t\t\t\t<div class=\"elementor-element elementor-element-fc21278 elementor-widget elementor-widget-image\" data-id=\"fc21278\" data-element_type=\"widget\" data-widget_type=\"image.default\">\n\t\t\t\t<div class=\"elementor-widget-container\">\n\t\t\t\t\t\t\t\t\t\t\t\t\t\t\t<img loading=\"lazy\" decoding=\"async\" width=\"766\" height=\"1024\" src=\"https:\/\/nelly-hervouet.com\/wp-content\/uploads\/2022\/11\/IMG_20220218_154808-766x1024.jpg\" class=\"attachment-large size-large wp-image-1261\" alt=\"\" srcset=\"https:\/\/nelly-hervouet.com\/wp-content\/uploads\/2022\/11\/IMG_20220218_154808-766x1024.jpg 766w, https:\/\/nelly-hervouet.com\/wp-content\/uploads\/2022\/11\/IMG_20220218_154808-224x300.jpg 224w, https:\/\/nelly-hervouet.com\/wp-content\/uploads\/2022\/11\/IMG_20220218_154808-768x1026.jpg 768w, https:\/\/nelly-hervouet.com\/wp-content\/uploads\/2022\/11\/IMG_20220218_154808-1149x1536.jpg 1149w, https:\/\/nelly-hervouet.com\/wp-content\/uploads\/2022\/11\/IMG_20220218_154808-1532x2048.jpg 1532w, https:\/\/nelly-hervouet.com\/wp-content\/uploads\/2022\/11\/IMG_20220218_154808-scaled.jpg 1916w\" sizes=\"auto, (max-width: 766px) 100vw, 766px\" \/>\t\t\t\t\t\t\t\t\t\t\t\t\t\t\t<\/div>\n\t\t\t\t<\/div>\n\t\t\t\t\t<\/div>\n\t\t<\/div>\n\t\t\t\t<div class=\"elementor-column elementor-col-16 elementor-top-column elementor-element elementor-element-7b4b7d6\" data-id=\"7b4b7d6\" data-element_type=\"column\">\n\t\t\t<div class=\"elementor-widget-wrap elementor-element-populated\">\n\t\t\t\t\t\t\t\t<div class=\"elementor-element elementor-element-d951fc4 elementor-widget elementor-widget-spacer\" data-id=\"d951fc4\" data-element_type=\"widget\" data-widget_type=\"spacer.default\">\n\t\t\t\t<div class=\"elementor-widget-container\">\n\t\t\t\t\t<div class=\"elementor-spacer\">\n\t\t\t<div class=\"elementor-spacer-inner\"><\/div>\n\t\t<\/div>\n\t\t\t\t<\/div>\n\t\t\t\t<\/div>\n\t\t\t\t<div class=\"elementor-element elementor-element-c4d7806 elementor-widget elementor-widget-spacer\" data-id=\"c4d7806\" data-element_type=\"widget\" data-widget_type=\"spacer.default\">\n\t\t\t\t<div class=\"elementor-widget-container\">\n\t\t\t\t\t<div class=\"elementor-spacer\">\n\t\t\t<div class=\"elementor-spacer-inner\"><\/div>\n\t\t<\/div>\n\t\t\t\t<\/div>\n\t\t\t\t<\/div>\n\t\t\t\t<div class=\"elementor-element elementor-element-e16f386 elementor-widget elementor-widget-image\" data-id=\"e16f386\" data-element_type=\"widget\" data-widget_type=\"image.default\">\n\t\t\t\t<div class=\"elementor-widget-container\">\n\t\t\t\t\t\t\t\t\t\t\t\t\t\t\t<img loading=\"lazy\" decoding=\"async\" width=\"800\" height=\"839\" src=\"https:\/\/nelly-hervouet.com\/wp-content\/uploads\/2022\/11\/CADO-POUR-LES-PARTICIPANTS-976x1024.jpg\" class=\"attachment-large size-large wp-image-1260\" alt=\"\" srcset=\"https:\/\/nelly-hervouet.com\/wp-content\/uploads\/2022\/11\/CADO-POUR-LES-PARTICIPANTS-976x1024.jpg 976w, https:\/\/nelly-hervouet.com\/wp-content\/uploads\/2022\/11\/CADO-POUR-LES-PARTICIPANTS-286x300.jpg 286w, https:\/\/nelly-hervouet.com\/wp-content\/uploads\/2022\/11\/CADO-POUR-LES-PARTICIPANTS-768x806.jpg 768w, https:\/\/nelly-hervouet.com\/wp-content\/uploads\/2022\/11\/CADO-POUR-LES-PARTICIPANTS.jpg 989w\" sizes=\"auto, (max-width: 800px) 100vw, 800px\" \/>\t\t\t\t\t\t\t\t\t\t\t\t\t\t\t<\/div>\n\t\t\t\t<\/div>\n\t\t\t\t\t<\/div>\n\t\t<\/div>\n\t\t\t\t<div class=\"elementor-column elementor-col-16 elementor-top-column elementor-element elementor-element-239ccbe\" data-id=\"239ccbe\" data-element_type=\"column\">\n\t\t\t<div class=\"elementor-widget-wrap\">\n\t\t\t\t\t\t\t\t\t<\/div>\n\t\t<\/div>\n\t\t\t\t\t\t\t<\/div>\n\t\t<\/section>\n\t\t\t\t<section class=\"elementor-section elementor-top-section elementor-element elementor-element-f86f564 elementor-section-boxed elementor-section-height-default elementor-section-height-default\" data-id=\"f86f564\" data-element_type=\"section\">\n\t\t\t\t\t\t<div class=\"elementor-container elementor-column-gap-default\">\n\t\t\t\t\t<div class=\"elementor-column elementor-col-100 elementor-top-column elementor-element elementor-element-1fadef2\" data-id=\"1fadef2\" data-element_type=\"column\">\n\t\t\t<div class=\"elementor-widget-wrap elementor-element-populated\">\n\t\t\t\t\t\t\t\t<div class=\"elementor-element elementor-element-973fbee elementor-widget elementor-widget-spacer\" data-id=\"973fbee\" data-element_type=\"widget\" data-widget_type=\"spacer.default\">\n\t\t\t\t<div class=\"elementor-widget-container\">\n\t\t\t\t\t<div class=\"elementor-spacer\">\n\t\t\t<div class=\"elementor-spacer-inner\"><\/div>\n\t\t<\/div>\n\t\t\t\t<\/div>\n\t\t\t\t<\/div>\n\t\t\t\t\t<\/div>\n\t\t<\/div>\n\t\t\t\t\t\t\t<\/div>\n\t\t<\/section>\n\t\t\t\t\t\t\t<\/div>\n\t\t","protected":false},"excerpt":{"rendered":"<p>TRANSFORMATION DES PLANTES MEDICINALES Lors d&rsquo;une journ\u00e9e Transformation des Plantes M\u00e9dicinales, le programme est riche et vari\u00e9. Plusieurs \u00e9tapes sont n\u00e9cessaires, la cueillette, le nettoyage, le s\u00e9chage, la pr\u00e9paration, la confection, le remplissage et l&rsquo;\u00e9tiquetage. Vous r\u00e9aliserez des mac\u00e9rats huileux, des baumes et gr\u00e2ce \u00e0 l&rsquo;alambic, nous obtiendrons un hydrolat au cours de cette journ\u00e9e. [&hellip;]<\/p>\n","protected":false},"author":1,"featured_media":0,"parent":0,"menu_order":0,"comment_status":"closed","ping_status":"closed","template":"","meta":{"footnotes":""},"class_list":["post-1206","page","type-page","status-publish","hentry"],"_links":{"self":[{"href":"https:\/\/nelly-hervouet.com\/index.php\/wp-json\/wp\/v2\/pages\/1206","targetHints":{"allow":["GET"]}}],"collection":[{"href":"https:\/\/nelly-hervouet.com\/index.php\/wp-json\/wp\/v2\/pages"}],"about":[{"href":"https:\/\/nelly-hervouet.com\/index.php\/wp-json\/wp\/v2\/types\/page"}],"author":[{"embeddable":true,"href":"https:\/\/nelly-hervouet.com\/index.php\/wp-json\/wp\/v2\/users\/1"}],"replies":[{"embeddable":true,"href":"https:\/\/nelly-hervouet.com\/index.php\/wp-json\/wp\/v2\/comments?post=1206"}],"version-history":[{"count":76,"href":"https:\/\/nelly-hervouet.com\/index.php\/wp-json\/wp\/v2\/pages\/1206\/revisions"}],"predecessor-version":[{"id":1429,"href":"https:\/\/nelly-hervouet.com\/index.php\/wp-json\/wp\/v2\/pages\/1206\/revisions\/1429"}],"wp:attachment":[{"href":"https:\/\/nelly-hervouet.com\/index.php\/wp-json\/wp\/v2\/media?parent=1206"}],"curies":[{"name":"wp","href":"https:\/\/api.w.org\/{rel}","templated":true}]}}